{"id":758,"date":"2020-07-04T20:39:24","date_gmt":"2020-07-04T20:39:24","guid":{"rendered":"http:\/\/geschichte.bibibo.info\/?page_id=758"},"modified":"2023-08-21T08:26:58","modified_gmt":"2023-08-21T08:26:58","slug":"duensberg","status":"publish","type":"page","link":"https:\/\/geschichte.bibibo.info\/?page_id=758","title":{"rendered":"Geschichte(n) vom D\u00fcnsberg"},"content":{"rendered":"\n<div class=\"wp-block-image\"><figure class=\"aligncenter size-full is-resized\"><img loading=\"lazy\" decoding=\"async\" src=\"https:\/\/geschichte.bibibo.info\/wp-content\/uploads\/2023\/08\/Duensberg_2020-11-05_15-19-31.jpg\" alt=\"\" class=\"wp-image-5163\" width=\"575\" height=\"431\" srcset=\"https:\/\/geschichte.bibibo.info\/wp-content\/uploads\/2023\/08\/Duensberg_2020-11-05_15-19-31.jpg 960w, https:\/\/geschichte.bibibo.info\/wp-content\/uploads\/2023\/08\/Duensberg_2020-11-05_15-19-31-300x225.jpg 300w, https:\/\/geschichte.bibibo.info\/wp-content\/uploads\/2023\/08\/Duensberg_2020-11-05_15-19-31-768x576.jpg 768w\" sizes=\"auto, (max-width: 575px) 100vw, 575px\" \/><\/figure><\/div>\n\n\n\n<div class=\"wp-block-columns is-layout-flex wp-container-core-columns-is-layout-28f84493 wp-block-columns-is-layout-flex\">\n<div class=\"wp-block-column is-layout-flow wp-block-column-is-layout-flow\">\n<h4 class=\"has-text-align-center wp-block-heading\">Der D\u00fcnsberg uns seine Geschichte  <\/h4>\n<\/div>\n\n\n\n<div class=\"wp-block-column is-layout-flow wp-block-column-is-layout-flow\">\n<h4 class=\"has-text-align-center wp-block-heading\">Geschichten vom D\u00fcnsberg<\/h4>\n<\/div>\n<\/div>\n\n\n\n<div class=\"wp-block-columns is-layout-flex wp-container-core-columns-is-layout-28f84493 wp-block-columns-is-layout-flex\">\n<div class=\"wp-block-column is-layout-flow wp-block-column-is-layout-flow\">\n<figure class=\"wp-block-image size-full is-resized\"><img loading=\"lazy\" decoding=\"async\" src=\"https:\/\/geschichte.bibibo.info\/wp-content\/uploads\/2020\/04\/image-6.png\" alt=\"\" class=\"wp-image-128\" width=\"406\" height=\"262\" srcset=\"https:\/\/geschichte.bibibo.info\/wp-content\/uploads\/2020\/04\/image-6.png 753w, https:\/\/geschichte.bibibo.info\/wp-content\/uploads\/2020\/04\/image-6-300x194.png 300w\" sizes=\"auto, (max-width: 406px) 100vw, 406px\" \/><\/figure>\n\n\n\n<p>&#8211; <strong><a rel=\"noreferrer noopener\" href=\"https:\/\/gemeinde.biebertaler-bilderbogen.de\/duensberg\/\" target=\"_blank\">Der D\u00fcnsberg<\/a><\/strong><br>&#8211; <a rel=\"noreferrer noopener\" href=\"https:\/\/sehenswert.biebertaler-bilderbogen.de\/keltenwelten\/\" target=\"_blank\"><strong>Keltenwelten \u2013 Funde vom D\u00fcnsberg<\/strong><\/a><br>\u2013\u00a0<a rel=\"noreferrer noopener\" href=\"https:\/\/rodheim.biebertaler-bilderbogen.de\/museum-keltenkeller\/\" target=\"_blank\"><strong>Keltenmuseum in Rodheim<\/strong><\/a><br>&#8211; <strong><a rel=\"noreferrer noopener\" href=\"https:\/\/fellingshausen.biebertaler-bilderbogen.de\/grabungen-am-duensberg-2014\/\" target=\"_blank\">Grabungen am D\u00fcnsberg<\/a><\/strong><br>&#8211; <strong><a rel=\"noreferrer noopener\" href=\"https:\/\/fellingshausen.biebertaler-bilderbogen.de\/aussergewoehnlicher-fund-am-duensberg-2017\/\" target=\"_blank\">Au\u00dfergew\u00f6hnlicher Fund am D\u00fcnsberg<\/a><\/strong><br>&#8211; <strong><a href=\"https:\/\/nachrichten.biebertaler-bilderbogen.de\/ich-kenne-jedes-fundstueck-persoenlich\/\" target=\"_blank\" rel=\"noreferrer noopener\">Ich kenne jedes Fundst\u00fcck pers\u00f6nlich<\/a><\/strong><br>\u2013\u00a0<a rel=\"noreferrer noopener\" href=\"https:\/\/gemeinde.biebertaler-bilderbogen.de\/der-kraeutergarten-beim-keltengehoeft\/\" target=\"_blank\"><strong>Der Kr\u00e4utergarten am Keltengeh\u00f6ft<\/strong><\/a><br>\u2013\u00a0<strong><a rel=\"noreferrer noopener\" href=\"https:\/\/nachrichten.biebertaler-bilderbogen.de\/archaeoloischer-wanderwerg-junior-am-duensberg\/\" target=\"_blank\">Arch\u00e4ologischer Wanderweg Junior am D\u00fcnsberg<\/a><\/strong><br>\u2013\u00a0<strong>Ausgrabungen am D\u00fcnsberg<\/strong>\u00a0<strong><a rel=\"noreferrer noopener\" href=\"http:\/\/www.duensberg.de\/\" target=\"_blank\">www-d\u00fcnsberg.de<\/a><\/strong><br>\u2013\u00a0<strong><a rel=\"noreferrer noopener\" href=\"https:\/\/nachrichten.biebertaler-bilderbogen.de\/vandalismus\/\" target=\"_blank\">Blinde Zerst\u00f6rungswut<\/a><\/strong><br><br>&#8211; <strong><a rel=\"noreferrer noopener\" href=\"https:\/\/fellingshausen.biebertaler-bilderbogen.de\/der-grubenweg\/\" target=\"_blank\">Der Grubenweg<\/a><\/strong><br>&#8211; <strong><a rel=\"noreferrer noopener\" href=\"https:\/\/fellingshausen.biebertaler-bilderbogen.de\/grube-friedberg\/\" target=\"_blank\">Grube Friedberg<\/a><\/strong><\/p>\n<\/div>\n\n\n\n<div class=\"wp-block-column is-layout-flow wp-block-column-is-layout-flow\">\n<div class=\"wp-block-image\"><figure class=\"aligncenter size-full is-resized\"><img loading=\"lazy\" decoding=\"async\" src=\"https:\/\/geschichte.bibibo.info\/wp-content\/uploads\/2023\/01\/Waechter-am-Weg-Kunstweg-am-Duensberg.png\" alt=\"\" class=\"wp-image-5114\" width=\"253\" height=\"238\" srcset=\"https:\/\/geschichte.bibibo.info\/wp-content\/uploads\/2023\/01\/Waechter-am-Weg-Kunstweg-am-Duensberg.png 325w, https:\/\/geschichte.bibibo.info\/wp-content\/uploads\/2023\/01\/Waechter-am-Weg-Kunstweg-am-Duensberg-300x282.png 300w\" sizes=\"auto, (max-width: 253px) 100vw, 253px\" \/><\/figure><\/div>\n\n\n\n<p>&#8211; <strong><a href=\"https:\/\/geschichte.bibibo.info\/kunstweg-zum-duensberg-gipfel\/\">Kunstweg zum D\u00fcnsberggipfel<\/a><\/strong><br>&#8211; <a rel=\"noreferrer noopener\" href=\"https:\/\/tourismus.biebertaler-bilderbogen.de\/wanderwege\/kunstweg-am-duensberg\/\" target=\"_blank\"><strong>Kunstweg am D\u00fcnsberg<\/strong><\/a><br>&#8211; <strong><a rel=\"noreferrer noopener\" href=\"https:\/\/fellingshausen.biebertaler-bilderbogen.de\/kelten-und-roemer-pfad\/\" target=\"_blank\">Der Kelten- und R\u00f6merpfad<\/a><\/strong><br>&#8211; <strong><a rel=\"noreferrer noopener\" href=\"https:\/\/fellingshausen.biebertaler-bilderbogen.de\/elisabethenpfad\/\" target=\"_blank\">Elisabethen-Pfad<\/a><\/strong><br><br>&#8211; <strong><a rel=\"noreferrer noopener\" href=\"https:\/\/nachrichten.biebertaler-bilderbogen.de\/innenraum-der-duensberggaststaette-oeffnet\/\" target=\"_blank\">D\u00fcnsberg-Rastst\u00e4tte<\/a><\/strong><br>&#8211; <strong><a rel=\"noreferrer noopener\" href=\"https:\/\/nachrichten.biebertaler-bilderbogen.de\/?p=14661&amp;preview=true\" target=\"_blank\">Klimacamp am D\u00fcnsberg<\/a><\/strong><br>&#8211; <strong><a rel=\"noreferrer noopener\" href=\"https:\/\/nachrichten.biebertaler-bilderbogen.de\/der-duensberg-fernmeldeturm\/\" target=\"_blank\">Der Fernsehturm auf dem D\u00fcnsberg<\/a><\/strong><br>&#8211; <strong><a rel=\"noreferrer noopener\" href=\"https:\/\/nachrichten.biebertaler-bilderbogen.de\/sanierung-des-weges-zum-duensberg-1-woche-gesperrt-wegen-asphaltierung\/\" target=\"_blank\">Sanierung des D\u00fcnsbergweges<\/a><\/strong><br><br>&#8211; <strong><a rel=\"noreferrer noopener\" href=\"https:\/\/fellingshausen.biebertaler-bilderbogen.de\/14-krippenweg-in-fellingshausen\/\" target=\"_blank\">14. Krippenweg am Fu\u00dfe des D\u00fcnsberg<\/a><\/strong><br>&#8211; <strong><a rel=\"noreferrer noopener\" href=\"https:\/\/fellingshausen.biebertaler-bilderbogen.de\/auf-dem-13-krippenweg\/\" target=\"_blank\">auf dem 13. Krippenweg<\/a><\/strong><br>&#8211; <strong><a rel=\"noreferrer noopener\" href=\"https:\/\/fellingshausen.biebertaler-bilderbogen.de\/bilder-vom-krippenweg-2012-13\/\" target=\"_blank\">12. Krippenweg<\/a><\/strong><br>&#8211; <strong><a rel=\"noreferrer noopener\" href=\"https:\/\/fellingshausen.biebertaler-bilderbogen.de\/bilder-vom-krippenweg\/\" target=\"_blank\">Bilder vom Krippenweg<\/a><\/strong><br>&#8211; <strong><a rel=\"noreferrer noopener\" href=\"https:\/\/fellingshausen.biebertaler-bilderbogen.de\/hoffnungslicht-ein-schoenes-geschenk\/\" target=\"_blank\">Hoffnungslicht<\/a><\/strong><br><br>&#8211; <a rel=\"noreferrer noopener\" href=\"https:\/\/nachrichten.biebertaler-bilderbogen.de\/facebook-gruppe-zum-duensberg-bergrennen-1968-1989\/\" target=\"_blank\"><strong>D\u00fcnsbergrennen<\/strong> <strong>1968-1989<\/strong><\/a><br>&#8211; <strong><a rel=\"noreferrer noopener\" href=\"https:\/\/nachrichten.biebertaler-bilderbogen.de\/duensbergmarathon-der-mountainbiker\/\" target=\"_blank\">D\u00fcnsbergmarathon der Mountainbiker<\/a><\/strong><br><\/p>\n<\/div>\n<\/div>\n\n\n\n<p><\/p>\n","protected":false},"excerpt":{"rendered":"<p>Der D\u00fcnsberg uns seine Geschichte Geschichten vom D\u00fcnsberg &#8211; Der D\u00fcnsberg&#8211; Keltenwelten \u2013 Funde vom D\u00fcnsberg\u2013\u00a0Keltenmuseum in Rodheim&#8211; Grabungen am D\u00fcnsberg&#8211; Au\u00dfergew\u00f6hnlicher Fund am D\u00fcnsberg&#8211; Ich kenne jedes Fundst\u00fcck pers\u00f6nlich\u2013\u00a0Der Kr\u00e4utergarten am Keltengeh\u00f6ft\u2013\u00a0Arch\u00e4ologischer Wanderweg Junior am D\u00fcnsberg\u2013\u00a0Ausgrabungen am D\u00fcnsberg\u00a0www-d\u00fcnsberg.de\u2013\u00a0Blinde Zerst\u00f6rungswut &#8211; Der Grubenweg&#8211; Grube Friedberg &#8211; Kunstweg zum D\u00fcnsberggipfel&#8211; Kunstweg am D\u00fcnsberg&#8211; Der Kelten- und &hellip; <\/p>\n<p class=\"link-more\"><a href=\"https:\/\/geschichte.bibibo.info\/?page_id=758\" class=\"more-link\">Mehr <span class=\"screen-reader-text\">\u00fcber &#8222;Geschichte(n) vom D\u00fcnsberg&#8220; <\/span>Lesen<\/a><\/p>\n","protected":false},"author":3,"featured_media":0,"parent":0,"menu_order":0,"comment_status":"closed","ping_status":"closed","template":"","meta":{"inspiro_hide_title":false,"footnotes":""},"class_list":["post-758","page","type-page","status-publish","hentry"],"_links":{"self":[{"href":"https:\/\/geschichte.bibibo.info\/index.php?rest_route=\/wp\/v2\/pages\/758","targetHints":{"allow":["GET"]}}],"collection":[{"href":"https:\/\/geschichte.bibibo.info\/index.php?rest_route=\/wp\/v2\/pages"}],"about":[{"href":"https:\/\/geschichte.bibibo.info\/index.php?rest_route=\/wp\/v2\/types\/page"}],"author":[{"embeddable":true,"href":"https:\/\/geschichte.bibibo.info\/index.php?rest_route=\/wp\/v2\/users\/3"}],"replies":[{"embeddable":true,"href":"https:\/\/geschichte.bibibo.info\/index.php?rest_route=%2Fwp%2Fv2%2Fcomments&post=758"}],"version-history":[{"count":10,"href":"https:\/\/geschichte.bibibo.info\/index.php?rest_route=\/wp\/v2\/pages\/758\/revisions"}],"predecessor-version":[{"id":5172,"href":"https:\/\/geschichte.bibibo.info\/index.php?rest_route=\/wp\/v2\/pages\/758\/revisions\/5172"}],"wp:attachment":[{"href":"https:\/\/geschichte.bibibo.info\/index.php?rest_route=%2Fwp%2Fv2%2Fmedia&parent=758"}],"curies":[{"name":"wp","href":"https:\/\/api.w.org\/{rel}","templated":true}]}}