{"id":406,"date":"2020-04-30T18:23:21","date_gmt":"2020-04-30T18:23:21","guid":{"rendered":"http:\/\/geschichte.bibibo.info\/?page_id=406"},"modified":"2020-04-30T18:30:03","modified_gmt":"2020-04-30T18:30:03","slug":"grube-koenigsberg","status":"publish","type":"page","link":"https:\/\/geschichte.bibibo.info\/?page_id=406","title":{"rendered":"Grube K\u00f6nigsberg"},"content":{"rendered":"\n<div class=\"wp-block-columns is-layout-flex wp-container-core-columns-is-layout-28f84493 wp-block-columns-is-layout-flex\">\n<div class=\"wp-block-column is-layout-flow wp-block-column-is-layout-flow\">\n<figure class=\"wp-block-image\"><img decoding=\"async\" src=\"https:\/\/geschichte.bibibo.info\/wp-content\/uploads\/2020\/04\/K%C3%B6nigsberg-Grube-K%C3%B6nigsberg.jpg\" alt=\"Dieses Bild hat ein leeres Alt-Attribut. Der Dateiname ist K\u00f6nigsberg-Grube-K\u00f6nigsberg.jpg\"\/><figcaption>Stolleneingang Grube K\u00f6nigsberg<\/figcaption><\/figure>\n<\/div>\n\n\n\n<div class=\"wp-block-column is-layout-flow wp-block-column-is-layout-flow\">\n<figure class=\"wp-block-image size-large\"><img loading=\"lazy\" decoding=\"async\" width=\"745\" height=\"414\" src=\"https:\/\/geschichte.bibibo.info\/wp-content\/uploads\/2020\/04\/image-33.png\" alt=\"\" class=\"wp-image-412\" srcset=\"https:\/\/geschichte.bibibo.info\/wp-content\/uploads\/2020\/04\/image-33.png 745w, https:\/\/geschichte.bibibo.info\/wp-content\/uploads\/2020\/04\/image-33-300x167.png 300w\" sizes=\"auto, (max-width: 745px) 100vw, 745px\" \/><figcaption>Die Grube K\u00f6nigsberg heute \u2013 vom Eingangstor aus gesehen. Foto: \u00a0Klaus Waldschmidt<\/figcaption><\/figure>\n<\/div>\n<\/div>\n\n\n\n<p><a href=\"https:\/\/geschichte.bibibo.info\/?page_id=399&amp;preview=true\">Industriekultur in Hessen: Grube K\u00f6nigsberg Biebertal<\/a><\/p>\n\n\n\n<p><a href=\"https:\/\/www.giessener-allgemeine.de\/kreis-giessen\/biebertal-ort848760\/musterzeche-bald-wohnanlage-12066242.html\">Musterzeche bald Wohnanlage<\/a> (Klaus Waldschmidt) <br>Die H\u00e4user der Zeche sind heute &#8211; von Bieber kommend &#8211; rechts vor dem Ortseingang K\u00f6nigsberg zu sehen.<\/p>\n","protected":false},"excerpt":{"rendered":"<p>Industriekultur in Hessen: Grube K\u00f6nigsberg Biebertal Musterzeche bald Wohnanlage (Klaus Waldschmidt) Die H\u00e4user der Zeche sind heute &#8211; von Bieber kommend &#8211; rechts vor dem Ortseingang K\u00f6nigsberg zu sehen.<\/p>\n","protected":false},"author":2,"featured_media":0,"parent":0,"menu_order":0,"comment_status":"closed","ping_status":"closed","template":"","meta":{"inspiro_hide_title":false,"footnotes":""},"class_list":["post-406","page","type-page","status-publish","hentry"],"_links":{"self":[{"href":"https:\/\/geschichte.bibibo.info\/index.php?rest_route=\/wp\/v2\/pages\/406","targetHints":{"allow":["GET"]}}],"collection":[{"href":"https:\/\/geschichte.bibibo.info\/index.php?rest_route=\/wp\/v2\/pages"}],"about":[{"href":"https:\/\/geschichte.bibibo.info\/index.php?rest_route=\/wp\/v2\/types\/page"}],"author":[{"embeddable":true,"href":"https:\/\/geschichte.bibibo.info\/index.php?rest_route=\/wp\/v2\/users\/2"}],"replies":[{"embeddable":true,"href":"https:\/\/geschichte.bibibo.info\/index.php?rest_route=%2Fwp%2Fv2%2Fcomments&post=406"}],"version-history":[{"count":2,"href":"https:\/\/geschichte.bibibo.info\/index.php?rest_route=\/wp\/v2\/pages\/406\/revisions"}],"predecessor-version":[{"id":413,"href":"https:\/\/geschichte.bibibo.info\/index.php?rest_route=\/wp\/v2\/pages\/406\/revisions\/413"}],"wp:attachment":[{"href":"https:\/\/geschichte.bibibo.info\/index.php?rest_route=%2Fwp%2Fv2%2Fmedia&parent=406"}],"curies":[{"name":"wp","href":"https:\/\/api.w.org\/{rel}","templated":true}]}}