{"id":4,"date":"2020-04-07T13:41:54","date_gmt":"2020-04-07T13:41:54","guid":{"rendered":"http:\/\/geschichte.bibibo.info\/?page_id=4"},"modified":"2025-01-19T19:39:48","modified_gmt":"2025-01-19T18:39:48","slug":"geschichten-zur-geschichte-biebertals","status":"publish","type":"page","link":"https:\/\/geschichte.bibibo.info\/","title":{"rendered":"\u00dcbersicht"},"content":{"rendered":"\n<h3 class=\"wp-block-heading has-text-align-center\"><strong>Unsere Geschichte besteht zum Einen aus historischen Ereignissen <\/strong><br><strong>und dann aber vor allem aus den Geschichten, <\/strong><br><strong>die wir uns (dar\u00fcber und darum herum) erz\u00e4hlen<\/strong>. <\/h3>\n\n\n\n<hr class=\"wp-block-separator has-css-opacity is-style-wide\"\/>\n\n\n\n<div class=\"wp-block-columns is-layout-flex wp-container-core-columns-is-layout-28f84493 wp-block-columns-is-layout-flex\">\n<div class=\"wp-block-column is-layout-flow wp-block-column-is-layout-flow\">\n<h2 class=\"wp-block-heading has-text-align-center\"><strong>Geschichten <\/strong><br><strong>aus der Vergangenheit<\/strong><\/h2>\n\n\n\n<figure class=\"wp-block-image aligncenter size-large is-resized\"><img loading=\"lazy\" decoding=\"async\" width=\"1024\" height=\"801\" src=\"https:\/\/geschichte.bibibo.info\/wp-content\/uploads\/2020\/06\/Zigarrenrollen.png\" alt=\"\" class=\"wp-image-617\" style=\"width:192px;height:149px\" srcset=\"https:\/\/geschichte.bibibo.info\/wp-content\/uploads\/2020\/06\/Zigarrenrollen.png 1024w, https:\/\/geschichte.bibibo.info\/wp-content\/uploads\/2020\/06\/Zigarrenrollen-300x235.png 300w, https:\/\/geschichte.bibibo.info\/wp-content\/uploads\/2020\/06\/Zigarrenrollen-768x601.png 768w\" sizes=\"auto, (max-width: 1024px) 100vw, 1024px\" \/><figcaption class=\"wp-element-caption\">Foto: Klaus Waldschmidt<\/figcaption><\/figure>\n\n\n\n<ul class=\"wp-block-list\">\n<li><strong><a href=\"https:\/\/geschichte.bibibo.info\/75-jahre-freiwillige-feuerwehr-fellingshausen\/\" target=\"_blank\" rel=\"noreferrer noopener\">75 Jahre Freiwillige Feuerwehr Fellingshausen<\/a><\/strong> &#8211; 2023 &#8211; Beitrag zur 90-Jahr-Feier<\/li>\n\n\n\n<li><strong><a href=\"https:\/\/geschichte.bibibo.info\/kunstweg-zum-duensberg-gipfel\/\" target=\"_blank\" rel=\"noreferrer noopener\">Kunstweg zum D\u00fcnsberg<\/a><\/strong> &#8211; 2022<\/li>\n\n\n\n<li><strong><a href=\"https:\/\/geschichte.bibibo.info\/30-april-walpurgisnacht-1-mai\/\" target=\"_blank\" rel=\"noreferrer noopener\">30. April &#8211; 1. Mai &#8211; Walpurgisnacht<\/a><\/strong> &#8211; 2022<\/li>\n\n\n\n<li><strong><a href=\"https:\/\/geschichte.bibibo.info\/4-juli-amerika-und-biebertal\/\" target=\"_blank\" rel=\"noreferrer noopener\">4. Juli &#8211; Amerika und Biebertal<\/a><\/strong> &#8211; 2021<\/li>\n\n\n\n<li><strong><a href=\"https:\/\/geschichte.bibibo.info\/neue-postkarten-fuer-biebertal\/\" target=\"_blank\" rel=\"noreferrer noopener\">Postkarten f\u00fcr Biebertal<\/a> <\/strong>&#8211; 2021<\/li>\n\n\n\n<li><a href=\"https:\/\/geschichte.bibibo.info\/poesie-im-gailschen-park-ein-spaziergang-2020\/\"><strong>Poesie im Gail\u00b4schen Park <\/strong><\/a>\u2013 2020<\/li>\n\n\n\n<li><a href=\"https:\/\/geschichte.bibibo.info\/zeitreise-rund-um-den-duensberg\/\"><strong>Zeitreise rund um den D\u00fcnsberg<\/strong><\/a> \u2013 2019<\/li>\n\n\n\n<li><a href=\"https:\/\/geschichte.bibibo.info\/aussergewoehnlicher-fund\/\"><strong>Au\u00dfergew\u00f6hnlicher Fund<\/strong><\/a> \u2013 2017<\/li>\n\n\n\n<li><a href=\"https:\/\/geschichte.bibibo.info\/grabungen-am-duensberg-2014\/\"><strong>Grabungen am D\u00fcnsberg<\/strong><\/a> \u2013 2014<\/li>\n\n\n\n<li><a href=\"https:\/\/geschichte.bibibo.info\/2011-verkaufsmobil-in-fellingshausen\/\"><strong>Verkaufsmobil in Fellingshausen<\/strong> <\/a>&#8211; 2011<\/li>\n\n\n\n<li><a href=\"https:\/\/geschichte.bibibo.info\/die-spanische-grippe\/\"><strong>Die Spanische Grippe in Rodheim-Bieber <\/strong><\/a>1918-1920<\/li>\n\n\n\n<li><a href=\"https:\/\/geschichte.bibibo.info\/wenn-majestaeten-reisen\/\"><strong>Wenn Majest\u00e4ten reisen<\/strong><\/a> \u2013 um 1900<\/li>\n\n\n\n<li><a href=\"https:\/\/geschichte.bibibo.info\/ausstellung-kirmesgeschichte-rodheim-bieber\/\"><strong>Kirmesgeschichte Rodheim-Bieber<\/strong><\/a> <br>1856 bis heute<\/li>\n<\/ul>\n\n\n\n<figure class=\"wp-block-image aligncenter size-large is-resized\"><img loading=\"lazy\" decoding=\"async\" width=\"154\" height=\"163\" src=\"https:\/\/geschichte.bibibo.info\/wp-content\/uploads\/2020\/06\/Biebertal-Wappen.png\" alt=\"\" class=\"wp-image-628\" style=\"width:116px;height:123px\"\/><figcaption class=\"wp-element-caption\">Wappen von Biebertal<\/figcaption><\/figure>\n\n\n\n<h3 class=\"wp-block-heading has-text-align-center\">Geschichte von <strong>Biebertal<\/strong><\/h3>\n\n\n\n<ul class=\"wp-block-list\">\n<li><a href=\"https:\/\/geschichte.bibibo.info\/wp-admin\/post.php?post=454&amp;action=edit\"><strong>Biebertal<\/strong> <\/a>&#8211; <a href=\"https:\/\/de.wikipedia.org\/wiki\/Biebertal\">als Kommune <\/a>insgesamt<\/li>\n\n\n\n<li><a href=\"https:\/\/commons.wikimedia.org\/w\/index.php?search=biebertal&amp;title=Special%3ASearch&amp;go=Seite&amp;ns0=1&amp;ns6=1&amp;ns12=1&amp;ns14=1&amp;ns100=1&amp;ns106=1\">Eine Bildersammlung<\/a><\/li>\n\n\n\n<li><a href=\"https:\/\/geschichte.bibibo.info\/die-partnergemeinden\/\" target=\"_blank\" rel=\"noreferrer noopener\"><strong>Die Partnergemeinden<\/strong><\/a><\/li>\n\n\n\n<li><strong><a href=\"https:\/\/geschichte.bibibo.info\/eibenstock\/\" target=\"_blank\" rel=\"noreferrer noopener\">Eibenstock &#8211; 30 Jahre Partnerschaft<\/a><\/strong><\/li>\n<\/ul>\n\n\n\n<h3 class=\"wp-block-heading has-text-align-center\">und den <strong>Ortsteile<\/strong>n<\/h3>\n\n\n\n<p><strong><a href=\"https:\/\/bieber.biebertaler-bilderbogen.de\/\">Bieber<\/a><\/strong><\/p>\n\n\n\n<p class=\"has-text-align-left\"><strong><a href=\"https:\/\/fellingshausen.biebertaler-bilderbogen.de\/\">Fellingshausen<\/a><\/strong><\/p>\n\n\n\n<p class=\"has-text-align-left\"><strong><a href=\"https:\/\/frankenbach.biebertaler-bilderbogen.de\/\">Frankenbach<\/a><\/strong><\/p>\n\n\n\n<p class=\"has-text-align-left\"><strong><a href=\"https:\/\/koenigsberg.biebertaler-bilderbogen.de\/\">K\u00f6nigsberg<\/a><\/strong><\/p>\n\n\n\n<p class=\"has-text-align-left\"><strong><a href=\"https:\/\/krumbach.biebertaler-bilderbogen.de\/\">Krumbach<\/a><\/strong><\/p>\n\n\n\n<p class=\"has-text-align-left\"><strong><a href=\"https:\/\/rodheim.biebertaler-bilderbogen.de\/\">Rodheim<\/a><\/strong><\/p>\n\n\n\n<p class=\"has-text-align-left\"><strong><a href=\"https:\/\/vetzberg.biebertaler-bilderbogen.de\/\">Vetzberg<\/a><\/strong><\/p>\n<\/div>\n\n\n\n<div class=\"wp-block-column is-layout-flow wp-block-column-is-layout-flow\">\n<h2 class=\"wp-block-heading has-text-align-center\"><strong>Geschichte<\/strong> <\/h2>\n\n\n\n<figure class=\"wp-block-image size-large\"><img loading=\"lazy\" decoding=\"async\" width=\"807\" height=\"313\" src=\"https:\/\/geschichte.bibibo.info\/wp-content\/uploads\/2020\/06\/image-12.png\" alt=\"\" class=\"wp-image-598\" srcset=\"https:\/\/geschichte.bibibo.info\/wp-content\/uploads\/2020\/06\/image-12.png 807w, https:\/\/geschichte.bibibo.info\/wp-content\/uploads\/2020\/06\/image-12-300x116.png 300w, https:\/\/geschichte.bibibo.info\/wp-content\/uploads\/2020\/06\/image-12-768x298.png 768w\" sizes=\"auto, (max-width: 807px) 100vw, 807px\" \/><figcaption class=\"wp-element-caption\">Foto: Arch\u00e4ologie im Gleiberger Land e.V.<\/figcaption><\/figure>\n\n\n\n<h3 class=\"wp-block-heading has-text-align-center\"><strong>Die Kelten am D\u00fcnsberg<\/strong><\/h3>\n\n\n\n<ul class=\"wp-block-list\">\n<li><a href=\"https:\/\/geschichte.bibibo.info\/museum-keltenkeller\/\"><strong>Museum KeltenKeller<\/strong><\/a><\/li>\n\n\n\n<li><a href=\"https:\/\/geschichte.bibibo.info\/keltentor-gehoeft-und-ringwallanlage-duensberg\/\"><strong>Keltentor, Keltengeh\u00f6ft, Ringwall-Anlage<\/strong><\/a><\/li>\n\n\n\n<li><a href=\"https:\/\/geschichte.bibibo.info\/auf-den-spuren-unserer-vorfahren\/\"><strong>Auf den Spuren der Vorfahren wandern<\/strong><\/a><\/li>\n<\/ul>\n\n\n\n<figure class=\"wp-block-image aligncenter size-large is-resized\"><img loading=\"lazy\" decoding=\"async\" width=\"1024\" height=\"576\" src=\"https:\/\/geschichte.bibibo.info\/wp-content\/uploads\/2020\/06\/20200424_154432-1024x576.jpg\" alt=\"\" class=\"wp-image-620\" style=\"width:285px;height:160px\" srcset=\"https:\/\/geschichte.bibibo.info\/wp-content\/uploads\/2020\/06\/20200424_154432-1024x576.jpg 1024w, https:\/\/geschichte.bibibo.info\/wp-content\/uploads\/2020\/06\/20200424_154432-300x169.jpg 300w, https:\/\/geschichte.bibibo.info\/wp-content\/uploads\/2020\/06\/20200424_154432-768x432.jpg 768w, https:\/\/geschichte.bibibo.info\/wp-content\/uploads\/2020\/06\/20200424_154432-1536x864.jpg 1536w, https:\/\/geschichte.bibibo.info\/wp-content\/uploads\/2020\/06\/20200424_154432-2048x1152.jpg 2048w\" sizes=\"auto, (max-width: 1024px) 100vw, 1024px\" \/><figcaption class=\"wp-element-caption\">Foto: Lindemann<\/figcaption><\/figure>\n\n\n\n<h3 class=\"wp-block-heading has-text-align-center\"><strong>Bergbau in Biebertal<\/strong><\/h3>\n\n\n\n<ul class=\"wp-block-list\">\n<li><a href=\"https:\/\/www.heimatverein-rodheim-bieber.de\/hv\/arbeitskreise\/\">Denkmalpflege und Arbeitskreise<\/a><\/li>\n\n\n\n<li><a href=\"https:\/\/www.heimatverein-rodheim-bieber.de\/hv\/arbeitskreise\/erzbergbau-huettenwesen-bieberlies\/\"><strong>Erzbergbau und H\u00fcttenwesen in Biebertal<\/strong><\/a><\/li>\n\n\n\n<li><a href=\"https:\/\/geschichte.bibibo.info\/die-bieberlies\/\"><strong>Die Bieberlies<\/strong><\/a><\/li>\n\n\n\n<li><a href=\"https:\/\/homersheimat.de\/res\/pdf\/bergbau_im_biebertal.pdf\"><strong>Bergbau am Fu\u00dfe des D\u00fcnsberg<\/strong><\/a><\/li>\n\n\n\n<li><a href=\"https:\/\/geschichte.bibibo.info\/?page_id=399&amp;preview=true\"><strong>Grube Abendstern<\/strong><\/a><\/li>\n\n\n\n<li><a href=\"https:\/\/geschichte.bibibo.info\/grube-eleonore\/\"><strong>Grube Eleonore<\/strong><\/a><\/li>\n\n\n\n<li><strong><a href=\"https:\/\/geschichte.bibibo.info\/grube-friedberg\/\">Grube Frieberg<\/a><\/strong><\/li>\n\n\n\n<li><a href=\"https:\/\/geschichte.bibibo.info\/grube-koenigsberg\/\"><strong>Grube K\u00f6nigsberg<\/strong><\/a><\/li>\n\n\n\n<li><strong><a href=\"https:\/\/www.giessener-allgemeine.de\/kreis-giessen\/biebertal-ort848760\/brachte-brot-doerfer-12155982.html\">Das Erz brachte Brot in die D\u00f6rfer<\/a><\/strong><\/li>\n\n\n\n<li>mit Link zu Wikiloc <a href=\"https:\/\/de.wikiloc.com\/routen-wandern\/montangeschichte-biebertal-teil-1-33199406\">Montangeschichte Wanderung<\/a>, Teil 1 + 2<\/li>\n\n\n\n<li>und in der <a href=\"https:\/\/ios-hybrid.wetterauer-zeitung.de\/regional\/kreisgiessen\/Kreis-Giessen-Das-Erz-brachte-Brot-in-die-Doerfer;art457,557512\">Wetterauer Zeitung<\/a> mit <strong>Stollenbild<\/strong><\/li>\n\n\n\n<li><strong><a href=\"https:\/\/www.giessener-anzeiger.de\/lokales\/kreis-giessen\/biebertal\/wanderfuhrer-franz-gareis-vermittelt-viel-wissenswertes-zum-thema-bergbau_20488239\">Franz Gareis erz\u00e4hlt<\/a><\/strong> und <a href=\"https:\/\/www.giessener-anzeiger.de\/lokales\/kreis-giessen\/biebertal\/in-biebertaler-bergbaugeschichte-eingetaucht_19982443\">nochmal<\/a> und <a href=\"https:\/\/www.giessener-allgemeine.de\/kreis-giessen\/biebertal-ort848760\/geschichte-hautnah-13060932.html\">wieder anders<\/a><\/li>\n\n\n\n<li><strong><a href=\"https:\/\/www.industriekultur-mittelhessen.de\/orte-und-objekte\/biebertal\/\">Mittelhessens Industiekultur<\/a><\/strong> und <a href=\"https:\/\/www.industriekultur-mittelhessen.de\/orte-und-objekte\/biebertal\/rodheim-bieber-grube-abendstern\/\">der Weg zum Abendstern<\/a><\/li>\n<\/ul>\n\n\n\n<h3 class=\"wp-block-heading\"><strong>Museen, Heimatvereine, <\/strong><br><strong>historische Wege und Orte<\/strong><\/h3>\n\n\n\n<ul class=\"wp-block-list\">\n<li>Archiv im Rathaus <strong>Rodheim<\/strong><\/li>\n\n\n\n<li><strong><a href=\"https:\/\/geschichte.bibibo.info\/dicke-eiche\/\">Dicke Eiche<\/a><\/strong> &#8211; Hofgut <strong>Bubenrod<\/strong> \/ Waldgirmes<\/li>\n\n\n\n<li><strong><a href=\"https:\/\/geschichte.bibibo.info\/duensbergverein\/\">D\u00fcnsbergverein e.V.<\/a><\/strong> &#8211; <strong>Fellingshausen<\/strong><\/li>\n\n\n\n<li><a href=\"https:\/\/natur.biebertaler-bilderbogen.de\/der-elisabethenpfad\/\"><strong>Elisabethenpfad<\/strong> <\/a>&#8211; <strong>Fellingshausen<\/strong><\/li>\n\n\n\n<li><strong><a href=\"https:\/\/geschichte.bibibo.info\/gailscher-park\/\">Gail&#8217;scher Park<\/a><\/strong> &#8211; <strong>Rodheim<\/strong><\/li>\n\n\n\n<li><strong><a href=\"https:\/\/geschichte.bibibo.info\/gleise-der-bieberlies-und-entschleunigungsweg\/\">Gleise der Bieberlies<\/a><\/strong> &#8211; <strong>Rodheim<\/strong><\/li>\n\n\n\n<li>und <a href=\"https:\/\/natur.biebertaler-bilderbogen.de\/der-biebertaler-entschleunigungsweg\/\"><strong>Entschleunigungsweg<\/strong> <\/a>&#8211; <strong>Rodheim<\/strong><\/li>\n\n\n\n<li><a href=\"https:\/\/de.wikiloc.com\/routen-wandern\/die-verlassenen-siedlungen-gilbertshausen-und-melmertshausen-in-biebertal-frankenbach-26660117\">Die verlassenen Siedlungen <strong>Gilbertshausen <\/strong>und <strong>Melmertshausen<\/strong><\/a> &#8211; bei <strong>Frankenbach<\/strong><\/li>\n\n\n\n<li><strong><a href=\"https:\/\/geschichte.bibibo.info\/heimatmuseum-frankenbach\/\">Heimatmuseum Frankenbach<\/a><\/strong><\/li>\n\n\n\n<li><strong><a href=\"https:\/\/koenigsberg.biebertaler-bilderbogen.de\/?p=25&amp;preview_id=25&amp;preview_nonce=f761aa1b15&amp;preview=true\">Hofgut Bubenrod mit historischem Friedhof<\/a><\/strong><\/li>\n\n\n\n<li><strong><a href=\"https:\/\/geschichte.bibibo.info\/bauernmuseum-hof-haina\/\">Hof Haina mit Bauernmuseum<\/a><\/strong> &#8211; <strong>Bieber<\/strong><\/li>\n\n\n\n<li><strong><a href=\"https:\/\/geschichte.bibibo.info\/hofgut-schmitte\/\">Hof Schmitte<\/a><\/strong> &#8211; <strong>Rodheim<\/strong><\/li>\n\n\n\n<li><strong><a href=\"https:\/\/natur.biebertaler-bilderbogen.de\/kelten-roemer-pfad-kr\/\">Kelten-R\u00f6mer-Pfad<\/a><\/strong> &#8211; <strong>Fellingshausen<\/strong><\/li>\n\n\n\n<li><a href=\"https:\/\/geschichte.bibibo.info\/kunstweg-zum-duensberg-gipfel\/\" target=\"_blank\" rel=\"noreferrer noopener\"><strong>Kunstweg <\/strong>zum D\u00fcnsberg-Gipfel<\/a><\/li>\n\n\n\n<li>K\u00f6nigsstuhl mit <strong><a href=\"https:\/\/www.wikiwand.com\/de\/Sternschanze_(Lahnau)\">Schanze<\/a><\/strong> &#8211; oberhalb <strong>Rodheim<\/strong><\/li>\n\n\n\n<li><strong><a href=\"https:\/\/geschichte.bibibo.info\/kultur-u-heimatfreunde-krumbach\/\">Kultur &#8211; u. Heimatfreunde <\/a>Krumbach<\/strong><\/li>\n\n\n\n<li><a href=\"https:\/\/fellingshausen.biebertaler-bilderbogen.de\/wp-admin\/post.php?post=24&amp;action=edit\"><strong>Lapidarium Fellingshausen<\/strong><\/a><\/li>\n\n\n\n<li>(Grenzsteinsammlung) <a href=\"file:\/\/\/C:\/Users\/Alfon\/Downloads\/Flyer%20Bergwerkstein%202015.pdf\">Flyer <strong>Bergwerksstein<\/strong><\/a><\/li>\n\n\n\n<li>mit <strong>Toteneiche<\/strong> und <strong>Mammutbaum<\/strong> &#8211; <strong>Fellingshausen<\/strong><\/li>\n\n\n\n<li><a href=\"https:\/\/de.wikipedia.org\/wiki\/Liste_der_Kulturdenkm%C3%A4ler_in_Biebertal\">Liste der <strong>Kulturdenkm\u00e4ler <\/strong>in <strong>Biebertal<\/strong><\/a><\/li>\n\n\n\n<li><strong><a href=\"https:\/\/geschichte.bibibo.info\/heimtmuseum-rodheim-bieber\/\">Museum und Heimatverein <\/a>Rodheim-Bieber<\/strong><\/li>\n\n\n\n<li><strong><a href=\"https:\/\/geschichte.bibibo.info\/traditionsverein-koenigsberg\/\">Traditionsverein K\u00f6nigsberg<\/a><\/strong> &#8211; <strong>K\u00f6nigsberg<\/strong><\/li>\n\n\n\n<li><strong><a href=\"https:\/\/geschichte.bibibo.info\/der-vetzberg-verein\/\">Vetzbergverein<\/a><\/strong> &#8211; <strong>Vetzberg<\/strong><\/li>\n<\/ul>\n<\/div>\n<\/div>\n\n\n\n<hr class=\"wp-block-separator has-css-opacity is-style-wide\"\/>\n","protected":false},"excerpt":{"rendered":"<p>Unsere Geschichte besteht zum Einen aus historischen Ereignissen und dann aber vor allem aus den Geschichten, die wir uns (dar\u00fcber und darum herum) erz\u00e4hlen. Geschichten aus der Vergangenheit Geschichte von Biebertal und den Ortsteilen Bieber Fellingshausen Frankenbach K\u00f6nigsberg Krumbach Rodheim Vetzberg Geschichte Die Kelten am D\u00fcnsberg Bergbau in Biebertal Museen, Heimatvereine, historische Wege und Orte<\/p>\n","protected":false},"author":1,"featured_media":0,"parent":0,"menu_order":0,"comment_status":"closed","ping_status":"closed","template":"","meta":{"inspiro_hide_title":false,"footnotes":""},"class_list":["post-4","page","type-page","status-publish","hentry"],"_links":{"self":[{"href":"https:\/\/geschichte.bibibo.info\/index.php?rest_route=\/wp\/v2\/pages\/4","targetHints":{"allow":["GET"]}}],"collection":[{"href":"https:\/\/geschichte.bibibo.info\/index.php?rest_route=\/wp\/v2\/pages"}],"about":[{"href":"https:\/\/geschichte.bibibo.info\/index.php?rest_route=\/wp\/v2\/types\/page"}],"author":[{"embeddable":true,"href":"https:\/\/geschichte.bibibo.info\/index.php?rest_route=\/wp\/v2\/users\/1"}],"replies":[{"embeddable":true,"href":"https:\/\/geschichte.bibibo.info\/index.php?rest_route=%2Fwp%2Fv2%2Fcomments&post=4"}],"version-history":[{"count":124,"href":"https:\/\/geschichte.bibibo.info\/index.php?rest_route=\/wp\/v2\/pages\/4\/revisions"}],"predecessor-version":[{"id":5235,"href":"https:\/\/geschichte.bibibo.info\/index.php?rest_route=\/wp\/v2\/pages\/4\/revisions\/5235"}],"wp:attachment":[{"href":"https:\/\/geschichte.bibibo.info\/index.php?rest_route=%2Fwp%2Fv2%2Fmedia&parent=4"}],"curies":[{"name":"wp","href":"https:\/\/api.w.org\/{rel}","templated":true}]}}