{"id":333,"date":"2020-04-18T13:27:55","date_gmt":"2020-04-18T13:27:55","guid":{"rendered":"http:\/\/geschichte.bibibo.info\/?page_id=333"},"modified":"2020-08-12T20:27:40","modified_gmt":"2020-08-12T20:27:40","slug":"kunstpfad-am-duensberg","status":"publish","type":"page","link":"https:\/\/geschichte.bibibo.info\/?page_id=333","title":{"rendered":"Kunstweg am D\u00fcnsberg"},"content":{"rendered":"\n<div class=\"wp-block-columns is-layout-flex wp-container-core-columns-is-layout-28f84493 wp-block-columns-is-layout-flex\">\n<div class=\"wp-block-column is-layout-flow wp-block-column-is-layout-flow\" style=\"flex-basis:33.33%\">\n<figure class=\"wp-block-image\"><img decoding=\"async\" src=\"https:\/\/fellingshausen.biebertaler-bilderbogen.de\/wp-content\/uploads\/2020\/04\/image-4.png\" alt=\"Dieses Bild hat ein leeres Alt-Attribut. Der Dateiname ist image-4.png\"\/><\/figure>\n<\/div>\n\n\n\n<div class=\"wp-block-column is-layout-flow wp-block-column-is-layout-flow\" style=\"flex-basis:66.66%\">\n<figure class=\"wp-block-image\"><img decoding=\"async\" src=\"https:\/\/fellingshausen.biebertaler-bilderbogen.de\/wp-content\/uploads\/2020\/04\/image-6.png\" alt=\"Dieses Bild hat ein leeres Alt-Attribut. Der Dateiname ist image-6.png\"\/><figcaption><a href=\"https:\/\/www.ich-geh-wandern.de\/gps-daten\/der-kunstweg-am-d%C3%BCnsberg\"><strong>Der Kunstweg<\/strong><\/a><\/figcaption><\/figure>\n\n\n\n<p><\/p>\n<\/div>\n<\/div>\n\n\n\n<p>Wer den <strong>Biebertaler D\u00fcnsberg <\/strong>besucht, steht auf historischem Grund: denn hier siedelten zuvor die <a href=\"https:\/\/de.wikipedia.org\/wiki\/Kelten\">Kelten<\/a>.<br>Davon zeugen heute der <strong>Nachbau eines Keltentores und Keltengeh\u00f6fts mit Garten<\/strong>, sowie die erhaltene <a href=\"https:\/\/de.wikipedia.org\/wiki\/Ringwallanlage_D%C3%BCnsberg\">Ringwallanlage<\/a> und ein <a href=\"https:\/\/www.verein-keltenwelten.de\/keltische-staetten\/biebertal-rodheim-bieber-museum-keltenkeller\/\"><strong>Museum <\/strong>mit Fundst\u00fccken vom D\u00fcnsberg in <\/a><strong><a href=\"https:\/\/www.verein-keltenwelten.de\/keltische-staetten\/biebertal-rodheim-bieber-museum-keltenkeller\/\">Biebertal-Rodheim<\/a>.<\/strong><\/p>\n\n\n\n<p>Dort am Keltentor, direkt am <strong>Parkplatz &#8222;Krumbacher-Kreuz&#8220; an der L3047\/L3061<\/strong> steht der &#8222;<strong>weise Druide<\/strong>&#8222;. Mit einem ge\u00f6ffneten und einem geschlossenen Auge kann dieser Totem sowohl die Gegenwart sehen, wie er die Vergangenheit tr\u00e4umt.<\/p>\n\n\n\n<div class=\"wp-block-image\"><figure class=\"aligncenter is-resized\"><img loading=\"lazy\" decoding=\"async\" src=\"http:\/\/img.geocaching.com\/cache\/d572d4e3-74ce-4ce9-a4f5-02959db6e6f9.jpg\" alt=\"Dieses Bild hat ein leeres Alt-Attribut. Der Dateiname ist d572d4e3-74ce-4ce9-a4f5-02959db6e6f9.jpg\" width=\"461\" height=\"614\"\/><figcaption>Figur am Keltentor &#8222;weiser Druide&#8220;<\/figcaption><\/figure><\/div>\n\n\n\n<p><br>Er ist die 1. Figur von 14 Skulpturen auf dem Kunstweg am D\u00fcnsberg, der sich 3,5 km lang bis hinauf auf den 497,7 m hohen Berg schl\u00e4ngelt. <br>Sowohl zu Fu\u00df, wie auf dem Rad, begegnet man auf dem <strong>ausgeschilderten Weg mit Schautafeln<\/strong>, sowohl modernem Kunstschaffen als Keltic-Art, wie auch den Resten historischer Bauwerke, rechts und links am Weg, der zur <a href=\"http:\/\/www.duensberg-verein.de\/raststaette.htm\">Rastst\u00e4tte des D\u00fcnsbergvereins auf dem Gipfel<\/a> f\u00fchrt. <br><em>(<strong>Aktuell<\/strong>, seit der Corona-Virus grassiert, muss man sich dort zuvor anmelden, um etwas serviert zu bekommen.)<\/em><\/p>\n\n\n\n<p>Sieben K\u00fcnstler, vorwiegend aus der Region, haben die 14 Keltic-Art-Skulpturen 2002 und 2003 in je einem einw\u00f6chigen Symposium aus Eichenst\u00e4mmen herausgearbeitet. <a href=\"https:\/\/www.ich-geh-wandern.de\/der-kunstweg-am-d%C3%BCnsberg\"><strong>Eine kleine Diashow<\/strong><\/a>\u00a0mit nur einigen Objekten von der Wegstrecke lassen sich durch anklicken des Links ansehen. Noch besser gef\u00e4llt mir pers\u00f6nlich die\u00a0<strong><a href=\"http:\/\/www.lt-biebertal.de\/bilder\/Streckenbeschreibung-4-10-06%20(2).pdf\">Streckenbeschreibung und Bebilderung des Lauftreff Biebertal<\/a><\/strong>. In der Beschreibung fehlt die &#8222;Spielerin&#8220;, Sie vereint 2000 Jahre Geschichte indem sie in der rechten Hand keltischen Schmuck und in der linken Hand, als Symbol der Neuzeit, ein St\u00fcck des Fernehmeldeturms tr\u00e4gt. <br>Der Weg stellt Kunst, Kultur und die keltische Geschichte des D\u00fcnsberges auf sehr ansprechende Art dar und bietet zu allen Jahreszeiten Erholung in einer herrlichen bewaldeten Landschaft.<\/p>\n\n\n\n<p>Folgende Beschreibung fand sich auf der Seite zum\u00a0<strong><a href=\"https:\/\/www.geocaching.com\/geocache\/GC2ZMBW_kunstweg-am-dunsberg?guid=9bde1ca4-b731-41b6-a19d-124cc2f77a32\">Geocaching<\/a><\/strong>\u00a0mit den\u00a0<strong>Finalkoordinaten:<br>N 50\u00b0 3 (S7-S2) . (S5-S10) (S11-S2-S9) (S2+S9)<br>E 8\u00b0 3 (S4-S9) . (S3-S8) (S7-S5) (S10-S3)<\/strong><br>Der Cache ist als Rundweg von knapp 5 km ausgelegt und f\u00fchrt auf einem gut begehbaren und mit dem Rad gut befahrbaren geschotterten Weg um den D\u00fcnsberg herum. Nur am Final muss der Weg verlassen werden. <br>Der Cache startet bei Skulptur 2., w\u00e4hrend der &#8222;weise Druide&#8220; am Parkplatz als Skulptur 1 ausgelassen ist.<br>S\u00e4mtliche Skulpturen sind beschildert. Auf dem Schild ist (bzw. war) die Nummer und der Name des K\u00fcnstlers angegeben sowie ein Richtungspfeil zur Fortsetzung des Weges. Zus\u00e4tzlich sind weitere Wegweiser vorhanden. Die Skulpturen sind also auch ohne die angegebenen Waypoints gut zu finden. <br>F\u00fcr die Ermittlung der Werte ist an jeder Skulptur eine Frage zu beantworten. F\u00fcr die Cache endet der Weg dann bei Skulptur 11. Wer m\u00f6chte, kann dort den Kunstweg Richtung Gipfel weiterlaufen. <br>Dort f\u00e4llt eine Kugel ins Auge, die genau auf 500 m \u00fc. NN  steht.<\/p>\n\n\n\n<p>F\u00fcr manche geht es dann noch ein wenig h\u00f6her hinaus: auf den Aussichtsturm, der von urspr\u00fcnglich 14 m H\u00f6he inzwischen auf 24 m H\u00f6he &#8222;gewachsen&#8220; ist. Von hier aus reicht der Blick ins Gie\u00dfener Land sowie bis zum Westerwald, Taunus und Vogelsberg.<\/p>\n\n\n\n<p>Der Landkreis Gie\u00dfen beschreibt den Kunstweg als eine Route in seinem&nbsp;<strong><a href=\"http:\/\/www.gleiberger-land.de\/fileadmin\/Dateien\/fit_u_aktiv\/pdf\/flyer_radelnwandern2010.pdf\">Flyer zum Thema Radeln und Wandern<\/a><\/strong>&nbsp;\u201eauf den Spuren der Kelten und R\u00f6mer\u201c. Ebenso berichtete die&nbsp;<strong><a href=\"http:\/\/www.giessener-zeitung.de\/heuchelheim\/beitrag\/105527\/zuhause-entdecken-der-duensberg-und-seine-kelten\/\">Gie\u00dfener Zeitung<\/a><\/strong>&nbsp;und auch \u201e<a href=\"https:\/\/www.google.de\/search?q=Kunstweg+am+D%C3%BCnsberg&amp;tbm=isch&amp;source=univ&amp;sa=X&amp;ved=2ahUKEwi1hqmIjujoAhXNDOwKHdNdAKkQsAR6BAgKEAE&amp;biw=1760&amp;bih=847\"><strong>Google<\/strong><\/a>\u201c hat reichlich Bilder zum Thema im Gep\u00e4ck.<\/p>\n\n\n\n<p><strong>Ziel der Tour<\/strong>&nbsp;sind<\/p>\n\n\n\n<div class=\"wp-block-image\"><figure class=\"aligncenter is-resized\"><img loading=\"lazy\" decoding=\"async\" src=\"https:\/\/fellingshausen.biebertaler-bilderbogen.de\/wp-content\/uploads\/2020\/04\/image-7-1024x737.png\" alt=\"\" width=\"464\" height=\"333\"\/><figcaption><a href=\"https:\/\/www.quaeldich.de\/paesse\/duensberg\/?BildID=11125\"><strong>Aussichtsturm neben der D\u00fcnsbergrastst\u00e4tte<\/strong><\/a><\/figcaption><\/figure><\/div>\n\n\n\n<p>Im Turm wartet noch eine weitere \u00dcberraschung: ein historischer Vermessungsstein, der ein Eckpunkt der mitteleurop\u00e4ischen Gradmessung im Jahr 1867 war. <br>Da der um 1830 errichtete Sandsteinpfeiler f\u00fcr Besucher normalerweise nicht zug\u00e4nglich ist, wurde auf dem Gipfel eine ma\u00dfstabgetreue Nachbildung erreichtet &#8211; inclusive Infotafel mit Wissenswertem zum Thema.<\/p>\n","protected":false},"excerpt":{"rendered":"<p>Wer den Biebertaler D\u00fcnsberg besucht, steht auf historischem Grund: denn hier siedelten zuvor die Kelten.Davon zeugen heute der Nachbau eines Keltentores und Keltengeh\u00f6fts mit Garten, sowie die erhaltene Ringwallanlage und ein Museum mit Fundst\u00fccken vom D\u00fcnsberg in Biebertal-Rodheim. Dort am Keltentor, direkt am Parkplatz &#8222;Krumbacher-Kreuz&#8220; an der L3047\/L3061 steht der &#8222;weise Druide&#8222;. Mit einem ge\u00f6ffneten &hellip; <\/p>\n<p class=\"link-more\"><a href=\"https:\/\/geschichte.bibibo.info\/?page_id=333\" class=\"more-link\">Mehr <span class=\"screen-reader-text\">\u00fcber &#8222;Kunstweg am D\u00fcnsberg&#8220; <\/span>Lesen<\/a><\/p>\n","protected":false},"author":2,"featured_media":0,"parent":0,"menu_order":0,"comment_status":"closed","ping_status":"closed","template":"","meta":{"inspiro_hide_title":false,"footnotes":""},"class_list":["post-333","page","type-page","status-publish","hentry"],"_links":{"self":[{"href":"https:\/\/geschichte.bibibo.info\/index.php?rest_route=\/wp\/v2\/pages\/333","targetHints":{"allow":["GET"]}}],"collection":[{"href":"https:\/\/geschichte.bibibo.info\/index.php?rest_route=\/wp\/v2\/pages"}],"about":[{"href":"https:\/\/geschichte.bibibo.info\/index.php?rest_route=\/wp\/v2\/types\/page"}],"author":[{"embeddable":true,"href":"https:\/\/geschichte.bibibo.info\/index.php?rest_route=\/wp\/v2\/users\/2"}],"replies":[{"embeddable":true,"href":"https:\/\/geschichte.bibibo.info\/index.php?rest_route=%2Fwp%2Fv2%2Fcomments&post=333"}],"version-history":[{"count":7,"href":"https:\/\/geschichte.bibibo.info\/index.php?rest_route=\/wp\/v2\/pages\/333\/revisions"}],"predecessor-version":[{"id":869,"href":"https:\/\/geschichte.bibibo.info\/index.php?rest_route=\/wp\/v2\/pages\/333\/revisions\/869"}],"wp:attachment":[{"href":"https:\/\/geschichte.bibibo.info\/index.php?rest_route=%2Fwp%2Fv2%2Fmedia&parent=333"}],"curies":[{"name":"wp","href":"https:\/\/api.w.org\/{rel}","templated":true}]}}