{"id":325,"date":"2020-04-18T13:27:00","date_gmt":"2020-04-18T13:27:00","guid":{"rendered":"http:\/\/geschichte.bibibo.info\/?page_id=325"},"modified":"2020-04-18T13:31:09","modified_gmt":"2020-04-18T13:31:09","slug":"keltentor-gehoeft-und-ringwallanlage-duensberg","status":"publish","type":"page","link":"https:\/\/geschichte.bibibo.info\/?page_id=325","title":{"rendered":"Keltentor, -geh\u00f6ft und Ringwallanlage D\u00fcnsberg"},"content":{"rendered":"\n<div class=\"wp-block-columns is-layout-flex wp-container-core-columns-is-layout-28f84493 wp-block-columns-is-layout-flex\">\n<div class=\"wp-block-column is-layout-flow wp-block-column-is-layout-flow\">\n<div class=\"wp-block-image\"><figure class=\"aligncenter size-large is-resized\"><img loading=\"lazy\" decoding=\"async\" src=\"https:\/\/geschichte.bibibo.info\/wp-content\/uploads\/2020\/04\/image-29.png\" alt=\"\" class=\"wp-image-327\" width=\"163\" height=\"243\" srcset=\"https:\/\/geschichte.bibibo.info\/wp-content\/uploads\/2020\/04\/image-29.png 322w, https:\/\/geschichte.bibibo.info\/wp-content\/uploads\/2020\/04\/image-29-201x300.png 201w\" sizes=\"auto, (max-width: 163px) 100vw, 163px\" \/><\/figure><\/div>\n<\/div>\n\n\n\n<div class=\"wp-block-column is-layout-flow wp-block-column-is-layout-flow\">\n<div class=\"wp-block-image\"><figure class=\"aligncenter size-large\"><a href=\"https:\/\/www.verein-keltenwelten.de\/keltische-staetten\/biebertal-der-duensberg-bei-giessen\/\"><img loading=\"lazy\" decoding=\"async\" width=\"719\" height=\"483\" src=\"https:\/\/geschichte.bibibo.info\/wp-content\/uploads\/2020\/04\/image-28.png\" alt=\"\" class=\"wp-image-326\" srcset=\"https:\/\/geschichte.bibibo.info\/wp-content\/uploads\/2020\/04\/image-28.png 719w, https:\/\/geschichte.bibibo.info\/wp-content\/uploads\/2020\/04\/image-28-300x202.png 300w, https:\/\/geschichte.bibibo.info\/wp-content\/uploads\/2020\/04\/image-28-120x80.png 120w\" sizes=\"auto, (max-width: 719px) 100vw, 719px\" \/><\/a><figcaption>Diese 3 Bilder des <a href=\"https:\/\/www.verein-keltenwelten.de\/keltische-staetten\/biebertal-der-duensberg-bei-giessen\/\">Vereins Kelten-Welten<\/a> schaffen einen guten Eindruck <\/figcaption><\/figure><\/div>\n\n\n\n<figure class=\"wp-block-image size-large\"><img loading=\"lazy\" decoding=\"async\" width=\"375\" height=\"318\" src=\"https:\/\/geschichte.bibibo.info\/wp-content\/uploads\/2020\/04\/Der-D\u00fcnsberg.png\" alt=\"\" class=\"wp-image-329\" srcset=\"https:\/\/geschichte.bibibo.info\/wp-content\/uploads\/2020\/04\/Der-D\u00fcnsberg.png 375w, https:\/\/geschichte.bibibo.info\/wp-content\/uploads\/2020\/04\/Der-D\u00fcnsberg-300x254.png 300w\" sizes=\"auto, (max-width: 375px) 100vw, 375px\" \/><figcaption>So kann man sich den D\u00fcnsberg im 8.&nbsp;Jahrhundert v.&nbsp;Chr. vorstellen<\/figcaption><\/figure>\n<\/div>\n\n\n\n<div class=\"wp-block-column is-layout-flow wp-block-column-is-layout-flow\">\n<figure class=\"wp-block-image size-large\"><img loading=\"lazy\" decoding=\"async\" width=\"593\" height=\"448\" src=\"https:\/\/geschichte.bibibo.info\/wp-content\/uploads\/2020\/04\/image-30.png\" alt=\"\" class=\"wp-image-328\" srcset=\"https:\/\/geschichte.bibibo.info\/wp-content\/uploads\/2020\/04\/image-30.png 593w, https:\/\/geschichte.bibibo.info\/wp-content\/uploads\/2020\/04\/image-30-300x227.png 300w\" sizes=\"auto, (max-width: 593px) 100vw, 593px\" \/><\/figure>\n\n\n\n<figure class=\"wp-block-image size-large\"><img loading=\"lazy\" decoding=\"async\" width=\"746\" height=\"407\" src=\"https:\/\/geschichte.bibibo.info\/wp-content\/uploads\/2020\/04\/image-31.png\" alt=\"\" class=\"wp-image-330\" srcset=\"https:\/\/geschichte.bibibo.info\/wp-content\/uploads\/2020\/04\/image-31.png 746w, https:\/\/geschichte.bibibo.info\/wp-content\/uploads\/2020\/04\/image-31-300x164.png 300w\" sizes=\"auto, (max-width: 746px) 100vw, 746px\" \/><figcaption>Vandalismus gebt\u00b4s auch heutzutage<br>Bild: Klaus Waldschmidt<\/figcaption><\/figure>\n<\/div>\n<\/div>\n\n\n\n<p>2005\/6 sollte mit den Nachbau eines Keltengeh\u00f6ft hinter einem Walltor beispielhaft die keltische Siedlungssituation am D\u00fcnsberg dargestellt werden. Das Keltengeh\u00f6ft besteht aus drei Geb\u00e4uden, im Hauptgeb\u00e4ude ist das Informations- und Museumsp\u00e4dagogische Zentrum eingerichtet, wo Schulklassen, Besucherinnen und Besucher Informationen und Exponate zum D\u00fcnsberg und seinen fr\u00fcheren Bewohnern, ebenso wie zu Flora und Fauna (Pflanzen- und Tierwelt) gezeigt und erkl\u00e4rt werden. Ein Kr\u00e4utergarten zwischen den beiden Nebengeb\u00e4uden zeigt von Kelten genutzte Kr\u00e4uter.<br>Von hier aus lasst sich der <strong><a href=\"https:\/\/geschichte.bibibo.info\/kunstpfad-am-duensberg\/\">Kunstpfad<\/a> <\/strong>im Wald, der mit neuzeitliche Techniken geschaffen wurde, beginnen. <\/p>\n\n\n\n<p>Wikipedia beschreibt die <a href=\"https:\/\/de.wikipedia.org\/wiki\/Ringwallanlage_D%C3%BCnsberg\">Ringwallanlagen am D\u00fcnsberg<\/a>. <\/p>\n\n\n\n<p><\/p>\n\n\n\n<p>Quelle: Gie\u00dfener Allgemeine, 26.11.19, <a href=\"https:\/\/www.giessener-allgemeine.de\/kreis-giessen\/biebertal-ort848760\/vandalismus-keltentor-13250774.html\">Vandalismus am Keltentor<\/a><\/p>\n\n\n\n<p><br><\/p>\n","protected":false},"excerpt":{"rendered":"<p>2005\/6 sollte mit den Nachbau eines Keltengeh\u00f6ft hinter einem Walltor beispielhaft die keltische Siedlungssituation am D\u00fcnsberg dargestellt werden. Das Keltengeh\u00f6ft besteht aus drei Geb\u00e4uden, im Hauptgeb\u00e4ude ist das Informations- und Museumsp\u00e4dagogische Zentrum eingerichtet, wo Schulklassen, Besucherinnen und Besucher Informationen und Exponate zum D\u00fcnsberg und seinen fr\u00fcheren Bewohnern, ebenso wie zu Flora und Fauna (Pflanzen- und &hellip; <\/p>\n<p class=\"link-more\"><a href=\"https:\/\/geschichte.bibibo.info\/?page_id=325\" class=\"more-link\">Mehr <span class=\"screen-reader-text\">\u00fcber &#8222;Keltentor, -geh\u00f6ft und Ringwallanlage D\u00fcnsberg&#8220; <\/span>Lesen<\/a><\/p>\n","protected":false},"author":2,"featured_media":0,"parent":0,"menu_order":0,"comment_status":"closed","ping_status":"closed","template":"","meta":{"inspiro_hide_title":false,"footnotes":""},"class_list":["post-325","page","type-page","status-publish","hentry"],"_links":{"self":[{"href":"https:\/\/geschichte.bibibo.info\/index.php?rest_route=\/wp\/v2\/pages\/325","targetHints":{"allow":["GET"]}}],"collection":[{"href":"https:\/\/geschichte.bibibo.info\/index.php?rest_route=\/wp\/v2\/pages"}],"about":[{"href":"https:\/\/geschichte.bibibo.info\/index.php?rest_route=\/wp\/v2\/types\/page"}],"author":[{"embeddable":true,"href":"https:\/\/geschichte.bibibo.info\/index.php?rest_route=\/wp\/v2\/users\/2"}],"replies":[{"embeddable":true,"href":"https:\/\/geschichte.bibibo.info\/index.php?rest_route=%2Fwp%2Fv2%2Fcomments&post=325"}],"version-history":[{"count":3,"href":"https:\/\/geschichte.bibibo.info\/index.php?rest_route=\/wp\/v2\/pages\/325\/revisions"}],"predecessor-version":[{"id":337,"href":"https:\/\/geschichte.bibibo.info\/index.php?rest_route=\/wp\/v2\/pages\/325\/revisions\/337"}],"wp:attachment":[{"href":"https:\/\/geschichte.bibibo.info\/index.php?rest_route=%2Fwp%2Fv2%2Fmedia&parent=325"}],"curies":[{"name":"wp","href":"https:\/\/api.w.org\/{rel}","templated":true}]}}