{"id":32,"date":"2020-04-07T16:26:29","date_gmt":"2020-04-07T16:26:29","guid":{"rendered":"http:\/\/geschichte.bibibo.info\/?page_id=32"},"modified":"2020-04-07T16:26:29","modified_gmt":"2020-04-07T16:26:29","slug":"impressum","status":"publish","type":"page","link":"https:\/\/geschichte.bibibo.info\/?page_id=32","title":{"rendered":"Impressum"},"content":{"rendered":"\n<p><strong>Diensteanbieter<\/strong><\/p>\n\n\n\n<p>Winfried Senger<\/p>\n\n\n\n<p>Bauroth 14<\/p>\n\n\n\n<p>35444 Biebertal<\/p>\n\n\n\n<p><strong>Kontaktm\u00f6glichkeiten<\/strong><\/p>\n\n\n\n<p><strong>E-Mail-Adresse<\/strong>: winfried.senger@web.de<\/p>\n\n\n\n<p><strong>Telefon<\/strong>: 0177 7797934<\/p>\n\n\n\n<p><strong>Vertretungsberechtigte<\/strong><\/p>\n\n\n\n<p><strong>Journalistisch-redaktionelle Angebote<\/strong><\/p>\n\n\n\n<p><strong>Inhaltlich verantwortlich<\/strong>: Winfried Senger<\/p>\n\n\n\n<p><strong>Haftungs- und Urheberrechtshinweise<\/strong><\/p>\n\n\n\n<p><strong>Haftungsausschluss<\/strong>: Die Inhalte dieses Onlineangebotes wurden sorgf\u00e4ltig und nach unserem<\/p>\n\n\n\n<p>aktuellen Kenntnisstand erstellt, dienen jedoch nur der Information und entfalten keine rechtlich<\/p>\n\n\n\n<p>bindende Wirkung, sofern es sich nicht um gesetzlich verpflichtende Informationen (z.B. das<\/p>\n\n\n\n<p>Impressum, die Datenschutzerkl\u00e4rung, AGB oder Widerrufsbelehrungen f\u00fcr Verbraucher) handelt.<\/p>\n\n\n\n<p>Wir behalten uns vor, die Inhalte vollst\u00e4ndig oder teilweise zu \u00e4ndern oder zu l\u00f6schen, soweit<\/p>\n\n\n\n<p>vertragliche Verpflichtungen unber\u00fchrt bleiben. Alle Angebote sind freibleibend und unverbindlich.<\/p>\n\n\n\n<p><strong>Links auf fremde Webseiten<\/strong>: Inhalte fremder Webseiten, auf die wir direkt oder indirekt<\/p>\n\n\n\n<p>verweisen, liegen au\u00dferhalb unseres Verantwortungsbereiches und machen wir uns nicht zu Eigen.<\/p>\n\n\n\n<p>F\u00fcr alle Inhalte und insbesondere f\u00fcr Sch\u00e4den, die aus der Nutzung der in den verlinkten Webseiten<\/p>\n\n\n\n<p>aufrufbaren Informationen entstehen, haftet allein der Anbieter der verlinkten Webseiten.<\/p>\n\n\n\n<p><strong>Urheberrechte und Markenrechte<\/strong>: Alle auf dieser Website dargestellten Inhalte, wie Texte,<\/p>\n\n\n\n<p>Fotografien, Grafiken, Marken und Warenzeichen sind durch die jeweiligen Schutzrechte<\/p>\n\n\n\n<p>(Urheberrechte, Markenrechte) gesch\u00fctzt. Die Verwendung, Vervielf\u00e4ltigung usw. unterliegen<\/p>\n\n\n\n<p>unseren Rechten oder den Rechten der jeweiligen Urheber bzw. Rechteverwalter.<\/p>\n\n\n\n<p><strong>Hinweise auf Rechtsverst\u00f6\u00dfe<\/strong>: Sollten Sie innerhalb unseres Internetauftritts Rechtsverst\u00f6\u00dfe<\/p>\n\n\n\n<p>bemerken, bitten wir Sie uns auf diese hinzuweisen. Wir werden rechtswidrige Inhalte und Links<\/p>\n\n\n\n<p>nach Kenntnisnahme unverz\u00fcglich entfernen.<\/p>\n\n\n\n<p><strong><em><strong>2<\/strong><\/em><\/strong><\/p>\n\n\n\n<p><strong>Bildnachweise<\/strong><\/p>\n\n\n\n<p><strong>Bildquellen und Urheberrechtshinweise<\/strong>:<\/p>\n\n\n\n<p>Sofern keine Bildnachweise angegeben wurden: Winfried Senger<\/p>\n\n\n\n<p>Erstellt mit kostenlosem Datenschutz-Generator.de von Dr. Thomas Schwenke<\/p>\n","protected":false},"excerpt":{"rendered":"<p>Diensteanbieter Winfried Senger Bauroth 14 35444 Biebertal Kontaktm\u00f6glichkeiten E-Mail-Adresse: winfried.senger@web.de Telefon: 0177 7797934 Vertretungsberechtigte Journalistisch-redaktionelle Angebote Inhaltlich verantwortlich: Winfried Senger Haftungs- und Urheberrechtshinweise Haftungsausschluss: Die Inhalte dieses Onlineangebotes wurden sorgf\u00e4ltig und nach unserem aktuellen Kenntnisstand erstellt, dienen jedoch nur der Information und entfalten keine rechtlich bindende Wirkung, sofern es sich nicht um gesetzlich verpflichtende Informationen &hellip; <\/p>\n<p class=\"link-more\"><a href=\"https:\/\/geschichte.bibibo.info\/?page_id=32\" class=\"more-link\">Mehr <span class=\"screen-reader-text\">\u00fcber &#8222;Impressum&#8220; <\/span>Lesen<\/a><\/p>\n","protected":false},"author":1,"featured_media":0,"parent":0,"menu_order":0,"comment_status":"closed","ping_status":"closed","template":"","meta":{"inspiro_hide_title":false,"footnotes":""},"class_list":["post-32","page","type-page","status-publish","hentry"],"_links":{"self":[{"href":"https:\/\/geschichte.bibibo.info\/index.php?rest_route=\/wp\/v2\/pages\/32","targetHints":{"allow":["GET"]}}],"collection":[{"href":"https:\/\/geschichte.bibibo.info\/index.php?rest_route=\/wp\/v2\/pages"}],"about":[{"href":"https:\/\/geschichte.bibibo.info\/index.php?rest_route=\/wp\/v2\/types\/page"}],"author":[{"embeddable":true,"href":"https:\/\/geschichte.bibibo.info\/index.php?rest_route=\/wp\/v2\/users\/1"}],"replies":[{"embeddable":true,"href":"https:\/\/geschichte.bibibo.info\/index.php?rest_route=%2Fwp%2Fv2%2Fcomments&post=32"}],"version-history":[{"count":1,"href":"https:\/\/geschichte.bibibo.info\/index.php?rest_route=\/wp\/v2\/pages\/32\/revisions"}],"predecessor-version":[{"id":33,"href":"https:\/\/geschichte.bibibo.info\/index.php?rest_route=\/wp\/v2\/pages\/32\/revisions\/33"}],"wp:attachment":[{"href":"https:\/\/geschichte.bibibo.info\/index.php?rest_route=%2Fwp%2Fv2%2Fmedia&parent=32"}],"curies":[{"name":"wp","href":"https:\/\/api.w.org\/{rel}","templated":true}]}}