{"id":268,"date":"2020-04-18T10:31:15","date_gmt":"2020-04-18T10:31:15","guid":{"rendered":"http:\/\/geschichte.bibibo.info\/?page_id=268"},"modified":"2020-04-18T10:31:15","modified_gmt":"2020-04-18T10:31:15","slug":"traditionsverein-koenigsberg","status":"publish","type":"page","link":"https:\/\/geschichte.bibibo.info\/?page_id=268","title":{"rendered":"Traditionsverein K\u00f6nigsberg"},"content":{"rendered":"\n<div class=\"wp-block-image\"><figure class=\"aligncenter\"><img loading=\"lazy\" decoding=\"async\" width=\"136\" height=\"430\" src=\"https:\/\/geschichte.bibibo.info\/wp-content\/uploads\/2020\/04\/image-23.png\" alt=\"\" class=\"wp-image-265\" srcset=\"https:\/\/geschichte.bibibo.info\/wp-content\/uploads\/2020\/04\/image-23.png 136w, https:\/\/geschichte.bibibo.info\/wp-content\/uploads\/2020\/04\/image-23-95x300.png 95w\" sizes=\"auto, (max-width: 136px) 100vw, 136px\" \/><figcaption>Strohb\u00e4r,<br><em>Foto: Waldschmidt<\/em><\/figcaption><\/figure><\/div>\n\n\n\n<p>Traditionell pr\u00e4parieren die K\u00f6nigsberger Frauen und M\u00e4nner den Strohb\u00e4r in der Krauskopf\u2019schen Scheune bei Werner Krauskopf. 2018 hatte sich Lara Marie D\u00f6nges f\u00fcr diese nicht ganz einfache Aufgabe zur Verf\u00fcgung gestellt. Denn a) es dauert einige Zeit, bis ein Strohb\u00e4r kunstvoll und sorgf\u00e4ltig mit Stroh umwickelt und mit Kordel gebunden ist. Dabei darf das Stroh nicht zu fest gewickelt werden, damit der Strohb\u00e4r anschie\u00dfend gut laufen kann. Und b) wird der B\u00e4r dann wegen seiner \u201eGef\u00e4hrlichkeit\u201c an einer durch das Dorf Kette gef\u00fchrt.&nbsp; Als c) der schwierigen Aufgabe h\u00e4lt der \u201eStrohmantel\u201c ganz sch\u00f6n warm, man (bzw. Frau) schwitzt. Deshalb musste der Strohb\u00e4r unterwegs mit gen\u00fcgend Fl\u00fcssigkeit versorgt werden; ja, in der Faschingszeit auch mit alkoholhaltigen Getr\u00e4nken.<br>Am Weg spende die Einwohner und zahlreiche Schaulustige Eier, Wurst und Speck. Bevor das Gesammelte von den Vereinsfrauen zum Abschluss beim \u201eHirschwirt\u201c in der Schlo\u00dfstra\u00dfe 39 zu einem gro\u00dfen Eierpfannkuchen gebacken wird, wird die Strohb\u00e4rh\u00fclle noch verbrannt. Das ist ein heidnische Brauch, mit dem der Winter ausgetrieben werden soll.<\/p>\n\n\n\n<p>Der \u201eTraditionsverein K\u00f6nigsberg\u201c richtet im Juni eines Jahres das traditionelle&nbsp;<strong>Schutzh\u00fcttenfest&nbsp;<\/strong>aus,<br>das in und an der H\u00fctte oberhalb des K\u00f6nigsberger Sportplatzes als Dorffest mit Gottesdienst, Musik \u2013 u.a. vom Gesangverein \u201eLiederfreund K\u00f6nigsberg\u201c, der Kinderchor und DJ -, Speis und Trank gefeiert wird.<br>Nachmittags beteiligt sich das \u201eDorf-Caf\u00e9\u201c der Vereinsgemeinschaft mit Kaffee und Kuchen. F\u00fcr Kinder gibt es \u2013 mit Unterst\u00fctzung der Kindertagesst\u00e4tte K\u00f6nigsberg \u2013 ein besonderes Programm.<\/p>\n\n\n\n<p><strong>Ansprechpartner<\/strong>&nbsp;ist Thorsten Scherer, Am Buchacker 13, Tel.: 0171 \/ 74 61 446<\/p>\n\n\n\n<p>Quellen:<br>Klaus Waldschmidt in: Mittelhessen.de, 14.02.2018,&nbsp;<a href=\"https:\/\/www.mittelhessen.de\/lokales\/wetzlar\/strohbar-dreht-seine-runden_19614567\">Strohb\u00e4r dreht seine Runden<\/a>&nbsp;und<br>Gie\u00dfener Anzeiger, 04.07.2018,&nbsp;<a href=\"https:\/\/www.giessener-allgemeine.de\/kreis-giessen\/biebertal-ort848760\/traditionsverein-koenigsberg-laedt-schutzhuettenfest-12749240.html\">Spa\u00df beim Schutzh\u00fcttenfest in K\u00f6niagsberg<\/a>&nbsp;und<br>Gie\u00dfener Allgemeine 28.06.19,&nbsp;<a href=\"https:\/\/www.giessener-allgemeine.de\/kreis-giessen\/biebertal-ort848760\/traditionsverein-koenigsberg-laedt-schutzhuettenfest-12749240.html\">Traditionsverein K\u00f6nigsberg l\u00e4dt zum Schutzh\u00fcttenfest ein<\/a>;<br>Gie\u00dfener Anzeiger, 28.06.2019,&nbsp;<a href=\"https:\/\/www.giessener-anzeiger.de\/lokales\/kreis-giessen\/biebertal\/schutzhuttenfest-in-konigsberg_20244126\">Schutzh\u00fcttenfest in K\u00f6nigsberg<\/a>, Autor wh,<\/p>\n","protected":false},"excerpt":{"rendered":"<p>Traditionell pr\u00e4parieren die K\u00f6nigsberger Frauen und M\u00e4nner den Strohb\u00e4r in der Krauskopf\u2019schen Scheune bei Werner Krauskopf. 2018 hatte sich Lara Marie D\u00f6nges f\u00fcr diese nicht ganz einfache Aufgabe zur Verf\u00fcgung gestellt. Denn a) es dauert einige Zeit, bis ein Strohb\u00e4r kunstvoll und sorgf\u00e4ltig mit Stroh umwickelt und mit Kordel gebunden ist. Dabei darf das Stroh &hellip; <\/p>\n<p class=\"link-more\"><a href=\"https:\/\/geschichte.bibibo.info\/?page_id=268\" class=\"more-link\">Mehr <span class=\"screen-reader-text\">\u00fcber &#8222;Traditionsverein K\u00f6nigsberg&#8220; <\/span>Lesen<\/a><\/p>\n","protected":false},"author":2,"featured_media":0,"parent":0,"menu_order":0,"comment_status":"closed","ping_status":"closed","template":"","meta":{"inspiro_hide_title":false,"footnotes":""},"class_list":["post-268","page","type-page","status-publish","hentry"],"_links":{"self":[{"href":"https:\/\/geschichte.bibibo.info\/index.php?rest_route=\/wp\/v2\/pages\/268","targetHints":{"allow":["GET"]}}],"collection":[{"href":"https:\/\/geschichte.bibibo.info\/index.php?rest_route=\/wp\/v2\/pages"}],"about":[{"href":"https:\/\/geschichte.bibibo.info\/index.php?rest_route=\/wp\/v2\/types\/page"}],"author":[{"embeddable":true,"href":"https:\/\/geschichte.bibibo.info\/index.php?rest_route=\/wp\/v2\/users\/2"}],"replies":[{"embeddable":true,"href":"https:\/\/geschichte.bibibo.info\/index.php?rest_route=%2Fwp%2Fv2%2Fcomments&post=268"}],"version-history":[{"count":1,"href":"https:\/\/geschichte.bibibo.info\/index.php?rest_route=\/wp\/v2\/pages\/268\/revisions"}],"predecessor-version":[{"id":270,"href":"https:\/\/geschichte.bibibo.info\/index.php?rest_route=\/wp\/v2\/pages\/268\/revisions\/270"}],"wp:attachment":[{"href":"https:\/\/geschichte.bibibo.info\/index.php?rest_route=%2Fwp%2Fv2%2Fmedia&parent=268"}],"curies":[{"name":"wp","href":"https:\/\/api.w.org\/{rel}","templated":true}]}}