{"id":257,"date":"2020-04-17T22:54:06","date_gmt":"2020-04-17T22:54:06","guid":{"rendered":"http:\/\/geschichte.bibibo.info\/?page_id=257"},"modified":"2020-11-28T16:23:14","modified_gmt":"2020-11-28T16:23:14","slug":"hofgut-schmitte","status":"publish","type":"page","link":"https:\/\/geschichte.bibibo.info\/?page_id=257","title":{"rendered":"Hofgut Schmitte"},"content":{"rendered":"\n<div class=\"wp-block-columns is-layout-flex wp-container-core-columns-is-layout-28f84493 wp-block-columns-is-layout-flex\">\n<div class=\"wp-block-column is-layout-flow wp-block-column-is-layout-flow\" style=\"flex-basis:66.66%\">\n<figure class=\"wp-block-image\"><img decoding=\"async\" src=\"https:\/\/www.giessener-allgemeine.de\/bilder\/2019\/07\/30\/12868830\/2085067605-age_ws_hof_schmitte_733__4c_1-11a7.jpg\" alt=\"Hof Schmitte in Rodheim wird zum &quot;Boutique-Hotel&quot;.\"\/><figcaption>Foto: K. Waldschmidt<\/figcaption><\/figure>\n<\/div>\n\n\n\n<div class=\"wp-block-column is-layout-flow wp-block-column-is-layout-flow\" style=\"flex-basis:33.33%\">\n<figure class=\"wp-block-image\"><img decoding=\"async\" src=\"https:\/\/geschichte.bibibo.info\/wp-content\/uploads\/2020\/04\/image-22.png\" alt=\"Dieses Bild hat ein leeres Alt-Attribut. Der Dateiname ist image-22.png\"\/><figcaption>Foto: E. Renell<\/figcaption><\/figure>\n<\/div>\n<\/div>\n\n\n\n<p>Die \u201eSchmitte\u201c, \u2013 von Heuchelheim kommend \u2013 linkerhand am Ortseingang von Rodheim-Bieber, wurde urkundlich bereits 1412 erstmals als zur Besitzung des Hauses Gleiberg geh\u00f6rig erw\u00e4hnt. Urspr\u00fcnglich befand sich hier am Bieberbach ein Eisenhammer, der wegen seiner N\u00e4he zum Wald \u201eWaldsmith\u201c, also Waldschmiede, genannt wurde.<\/p>\n\n\n\n<p><strong>Hier entsteht jetzt ein \u201eBoutique-Hotel\u201c.<\/strong><br>2020 k\u00f6nnen sich die Investoren Stefan Kenntemich, Bruno Kling und Wolfgang Lust freuen, dass es mit dem&nbsp;<a href=\"https:\/\/www.giessener-anzeiger.de\/lokales\/kreis-giessen\/biebertal\/richtfest-auf-hofgut-schmitte-in-rodheim-bieber_21729243\">Richtfest auf dem Hofgut<\/a>&nbsp;nun mit dem Umbau richtig losgehen kann. Es standen zwar schon seit Mitte M\u00e4rz die ersten Ger\u00fcste, da zun\u00e4chst die D\u00e4cher gesichert wurden.<\/p>\n\n\n\n<p>Mehr auf der Seite&nbsp;<strong><a href=\"https:\/\/www.industriekultur-mittelhessen.de\/orte-und-objekte\/biebertal\/rodheim-bieber-hof-schmitte\/\">Industriekultur<\/a><\/strong>&nbsp;und von Klaus Waldschmidt im&nbsp;<a href=\"https:\/\/www.giessener-allgemeine.de\/kreis-giessen\/biebertal-ort848760\/biebertal-hessen-adelssitz-schmitte-wird-boutique-hotel-12868830.html\">Gie\u00dfener Allgemeinen<\/a>&nbsp;bzw. im&nbsp;<a href=\"https:\/\/www.giessener-anzeiger.de\/lokales\/kreis-giessen\/biebertal\/wechselvolle-geschichte-von-hof-schmitte-in-rodheim-bieber_20322441\">Gie\u00dfener Anzeiger&nbsp;<\/a>im Juli 2019 oder auf der Seite&nbsp;<a href=\"https:\/\/www.lagis-hessen.de\/de\/subjects\/idrec\/sn\/bg\/id\/15345\">B\u00fcrgen, Schl\u00f6sser, Herrenh\u00e4user<\/a><\/p>\n\n\n\n<figure class=\"wp-block-image size-large\"><img loading=\"lazy\" decoding=\"async\" width=\"875\" height=\"789\" src=\"https:\/\/geschichte.bibibo.info\/wp-content\/uploads\/2020\/11\/Hof-Schmitte-1965-GI-Anzeiger-28.11.2020-1.jpg\" alt=\"\" class=\"wp-image-4977\" srcset=\"https:\/\/geschichte.bibibo.info\/wp-content\/uploads\/2020\/11\/Hof-Schmitte-1965-GI-Anzeiger-28.11.2020-1.jpg 875w, https:\/\/geschichte.bibibo.info\/wp-content\/uploads\/2020\/11\/Hof-Schmitte-1965-GI-Anzeiger-28.11.2020-1-300x271.jpg 300w, https:\/\/geschichte.bibibo.info\/wp-content\/uploads\/2020\/11\/Hof-Schmitte-1965-GI-Anzeiger-28.11.2020-1-768x693.jpg 768w\" sizes=\"auto, (max-width: 875px) 100vw, 875px\" \/><figcaption>Gie\u00dfener Anzeiger, 28.11.2020 &#8211; Klaus Waldschmidt erinnerte sich<\/figcaption><\/figure>\n\n\n\n<p><\/p>\n","protected":false},"excerpt":{"rendered":"<p>Die \u201eSchmitte\u201c, \u2013 von Heuchelheim kommend \u2013 linkerhand am Ortseingang von Rodheim-Bieber, wurde urkundlich bereits 1412 erstmals als zur Besitzung des Hauses Gleiberg geh\u00f6rig erw\u00e4hnt. Urspr\u00fcnglich befand sich hier am Bieberbach ein Eisenhammer, der wegen seiner N\u00e4he zum Wald \u201eWaldsmith\u201c, also Waldschmiede, genannt wurde. Hier entsteht jetzt ein \u201eBoutique-Hotel\u201c.2020 k\u00f6nnen sich die Investoren Stefan Kenntemich, &hellip; <\/p>\n<p class=\"link-more\"><a href=\"https:\/\/geschichte.bibibo.info\/?page_id=257\" class=\"more-link\">Mehr <span class=\"screen-reader-text\">\u00fcber &#8222;Hofgut Schmitte&#8220; <\/span>Lesen<\/a><\/p>\n","protected":false},"author":2,"featured_media":0,"parent":0,"menu_order":0,"comment_status":"closed","ping_status":"closed","template":"","meta":{"inspiro_hide_title":false,"footnotes":""},"class_list":["post-257","page","type-page","status-publish","hentry"],"_links":{"self":[{"href":"https:\/\/geschichte.bibibo.info\/index.php?rest_route=\/wp\/v2\/pages\/257","targetHints":{"allow":["GET"]}}],"collection":[{"href":"https:\/\/geschichte.bibibo.info\/index.php?rest_route=\/wp\/v2\/pages"}],"about":[{"href":"https:\/\/geschichte.bibibo.info\/index.php?rest_route=\/wp\/v2\/types\/page"}],"author":[{"embeddable":true,"href":"https:\/\/geschichte.bibibo.info\/index.php?rest_route=\/wp\/v2\/users\/2"}],"replies":[{"embeddable":true,"href":"https:\/\/geschichte.bibibo.info\/index.php?rest_route=%2Fwp%2Fv2%2Fcomments&post=257"}],"version-history":[{"count":3,"href":"https:\/\/geschichte.bibibo.info\/index.php?rest_route=\/wp\/v2\/pages\/257\/revisions"}],"predecessor-version":[{"id":4978,"href":"https:\/\/geschichte.bibibo.info\/index.php?rest_route=\/wp\/v2\/pages\/257\/revisions\/4978"}],"wp:attachment":[{"href":"https:\/\/geschichte.bibibo.info\/index.php?rest_route=%2Fwp%2Fv2%2Fmedia&parent=257"}],"curies":[{"name":"wp","href":"https:\/\/api.w.org\/{rel}","templated":true}]}}