{"id":195,"date":"2020-04-17T11:41:26","date_gmt":"2020-04-17T11:41:26","guid":{"rendered":"http:\/\/geschichte.bibibo.info\/?page_id=195"},"modified":"2020-06-06T20:11:06","modified_gmt":"2020-06-06T20:11:06","slug":"heimtmuseum-rodheim-bieber","status":"publish","type":"page","link":"https:\/\/geschichte.bibibo.info\/?page_id=195","title":{"rendered":"Heimtmuseum Rodheim-Bieber"},"content":{"rendered":"\n<div class=\"wp-block-columns is-layout-flex wp-container-core-columns-is-layout-28f84493 wp-block-columns-is-layout-flex\">\n<div class=\"wp-block-column is-layout-flow wp-block-column-is-layout-flow\" style=\"flex-basis:33.33%\">\n<figure class=\"wp-block-image\"><img decoding=\"async\" src=\"https:\/\/rodheim.biebertaler-bilderbogen.de\/wp-content\/uploads\/2020\/06\/20200524_160636-scaled.jpg\" alt=\"Dieses Bild hat ein leeres Alt-Attribut. Der Dateiname ist 20200524_160636-scaled.jpg\"\/><\/figure>\n<\/div>\n\n\n\n<div class=\"wp-block-column is-layout-flow wp-block-column-is-layout-flow\" style=\"flex-basis:66.66%\">\n<figure class=\"wp-block-image\"><img decoding=\"async\" src=\"https:\/\/geschichte.bibibo.info\/wp-content\/uploads\/2020\/04\/20200318_122405-1024x576.jpg\" alt=\"Dieses Bild hat ein leeres Alt-Attribut. Der Dateiname ist 20200318_122405-1024x576.jpg\"\/><figcaption>Fotos: Lindemann<\/figcaption><\/figure>\n\n\n\n<p><\/p>\n<\/div>\n<\/div>\n\n\n\n<p>Das Geb\u00e4ude des <strong>Heimatmuseums <\/strong>in Rodheim an der Gie\u00dfener Stra\u00dfe 23 (Eingang Kirchgasse) wurde 1892 auf einem Grundst\u00fcck erbaut, dessen Eigent\u00fcmer um die Mitte des 19. Jahrhunderts gestorben waren, so dass der Grund in den Besitz der Gemeinde fiel. Zun\u00e4chst entstand im Untergeschoss ein zweist\u00f6ckiges Backhaus f\u00fcr die damals wachsende Zahl der Dorfbewohner. Das Obergeschoss diente als B\u00fcrgermeisterei und sp\u00e4ter bis 1910 als Schule. <br>1999 hat der Heimatverein mit Unterst\u00fctzung der Gemeinde Biebertal die oberen Stockwerke zu einem feinen Heimatmuseum ausgebaut und 2001 er\u00f6ffnet. <br>2011 wurde das Backhaus in den Museumsbetrieb integriert. So wird das historische Backhaus (allerdings nur mit einem Ofen) auch heute noch gelegentlich genutzt.<br>Im Obergeschoss erwarten den Besucher historische Textilien aus dem Gleiberger Land, unter anderem zahlreiche Trachtenst\u00fccke aus der Region. Veranschaulicht werden hier zudem die Flachsbearbeitung und die Leinenherstellung, an die ein funktionsf\u00e4higer Webstuhl erinnert.<br>Im Kellergeschoss sind nicht nur die wichtigsten Mineralien der Region zu besichtigen, sondern auch das Modell der \u201eBieberlies\u201c, einer Kleinbahn, die von 1898 bis 1963 zwischen Gie\u00dfen und Bieber verkehrte. Neben weiteren regionalgeschichtlichen Exponaten und einer Dokumentation \u00fcber das Schicksal der Heimatvertriebenen pr\u00e4sentiert das Museum eine Galerie mit Werken heimischer K\u00fcnstler. Im Hause werden Ausstellungen organisiert und gezeigt. <br>Auch treffen sich Arbeitskreise im Haus, bei denen Interessierte willkommen sind:<\/p>\n\n\n\n<div class=\"wp-block-image\"><figure class=\"aligncenter size-large\"><img loading=\"lazy\" decoding=\"async\" width=\"362\" height=\"194\" src=\"https:\/\/geschichte.bibibo.info\/wp-content\/uploads\/2020\/04\/image-14.png\" alt=\"\" class=\"wp-image-197\" srcset=\"https:\/\/geschichte.bibibo.info\/wp-content\/uploads\/2020\/04\/image-14.png 362w, https:\/\/geschichte.bibibo.info\/wp-content\/uploads\/2020\/04\/image-14-300x161.png 300w\" sizes=\"auto, (max-width: 362px) 100vw, 362px\" \/><\/figure><\/div>\n\n\n\n<p>Auf der <strong><a href=\"https:\/\/www.heimatverein-rodheim-bieber.de\/hv\/\">Webseite des Heimatverein Rodheim-Bieber e.V. <\/a><\/strong> finden sich zahlreiche Fotogalerien, Ausstellungshinweise und Publikationen.<\/p>\n\n\n\n<p><strong>\u00d6ffnungszeiten<\/strong><br>Sonntags von 15.00 \u2013 17.00 Uhr oder nach Vereinbarung unter Telefon-Nr.: 06409\/9215.<\/p>\n\n\n\n<p>Der <strong>Eintritt<\/strong> ist frei<\/p>\n\n\n\n<p><strong>Kontaktadressen<\/strong><br>Helmut Failing, Grabenstr. 15, 35444 Biebertal, Tel: 06409 \/ 92 15<br>Klaus Schmidt, M\u00fchlbergstr. 8, 35444 Biebertal, Tel.: 06409 \/ 73 62<br><strong>Mail: <\/strong><a href=\"mailto:info@heimatverein-rodheim-bieber.de\">info@heimatverein-rodheim-bieber.de<\/a><\/p>\n\n\n\n<p>Noch ein interessanter Link aus den <a href=\"http:\/\/heimatverein-rodheim-bieber.de\/nachrichten\/zeitschrift_20.pdf\">Nachrichten des Heimatvereins<\/a> von 2010<\/p>\n","protected":false},"excerpt":{"rendered":"<p>Das Geb\u00e4ude des Heimatmuseums in Rodheim an der Gie\u00dfener Stra\u00dfe 23 (Eingang Kirchgasse) wurde 1892 auf einem Grundst\u00fcck erbaut, dessen Eigent\u00fcmer um die Mitte des 19. Jahrhunderts gestorben waren, so dass der Grund in den Besitz der Gemeinde fiel. Zun\u00e4chst entstand im Untergeschoss ein zweist\u00f6ckiges Backhaus f\u00fcr die damals wachsende Zahl der Dorfbewohner. Das Obergeschoss &hellip; <\/p>\n<p class=\"link-more\"><a href=\"https:\/\/geschichte.bibibo.info\/?page_id=195\" class=\"more-link\">Mehr <span class=\"screen-reader-text\">\u00fcber &#8222;Heimtmuseum Rodheim-Bieber&#8220; <\/span>Lesen<\/a><\/p>\n","protected":false},"author":2,"featured_media":0,"parent":0,"menu_order":0,"comment_status":"closed","ping_status":"closed","template":"","meta":{"inspiro_hide_title":false,"footnotes":""},"class_list":["post-195","page","type-page","status-publish","hentry"],"_links":{"self":[{"href":"https:\/\/geschichte.bibibo.info\/index.php?rest_route=\/wp\/v2\/pages\/195","targetHints":{"allow":["GET"]}}],"collection":[{"href":"https:\/\/geschichte.bibibo.info\/index.php?rest_route=\/wp\/v2\/pages"}],"about":[{"href":"https:\/\/geschichte.bibibo.info\/index.php?rest_route=\/wp\/v2\/types\/page"}],"author":[{"embeddable":true,"href":"https:\/\/geschichte.bibibo.info\/index.php?rest_route=\/wp\/v2\/users\/2"}],"replies":[{"embeddable":true,"href":"https:\/\/geschichte.bibibo.info\/index.php?rest_route=%2Fwp%2Fv2%2Fcomments&post=195"}],"version-history":[{"count":3,"href":"https:\/\/geschichte.bibibo.info\/index.php?rest_route=\/wp\/v2\/pages\/195\/revisions"}],"predecessor-version":[{"id":589,"href":"https:\/\/geschichte.bibibo.info\/index.php?rest_route=\/wp\/v2\/pages\/195\/revisions\/589"}],"wp:attachment":[{"href":"https:\/\/geschichte.bibibo.info\/index.php?rest_route=%2Fwp%2Fv2%2Fmedia&parent=195"}],"curies":[{"name":"wp","href":"https:\/\/api.w.org\/{rel}","templated":true}]}}