{"id":167,"date":"2020-04-11T14:13:58","date_gmt":"2020-04-11T14:13:58","guid":{"rendered":"http:\/\/geschichte.bibibo.info\/?page_id=167"},"modified":"2020-10-10T11:00:33","modified_gmt":"2020-10-10T11:00:33","slug":"bauernmuseum-hof-haina","status":"publish","type":"page","link":"https:\/\/geschichte.bibibo.info\/?page_id=167","title":{"rendered":"Hof Haina und sein Bauernmuseum"},"content":{"rendered":"\n<div class=\"wp-block-image\"><figure class=\"aligncenter size-large\"><img loading=\"lazy\" decoding=\"async\" width=\"812\" height=\"316\" src=\"https:\/\/geschichte.bibibo.info\/wp-content\/uploads\/2020\/04\/image-13.png\" alt=\"\" class=\"wp-image-169\" srcset=\"https:\/\/geschichte.bibibo.info\/wp-content\/uploads\/2020\/04\/image-13.png 812w, https:\/\/geschichte.bibibo.info\/wp-content\/uploads\/2020\/04\/image-13-300x117.png 300w, https:\/\/geschichte.bibibo.info\/wp-content\/uploads\/2020\/04\/image-13-768x299.png 768w\" sizes=\"auto, (max-width: 812px) 100vw, 812px\" \/><figcaption>Hof Haina<\/figcaption><\/figure><\/div>\n\n\n\n<p><strong>Der Weiler Hof Haina<\/strong> umfasst 2 ha Land. <a href=\"https:\/\/www.google.com\/search?q=Bauernmuseum+Hof+Haina&amp;sxsrf=ALeKk02fsgpiOIXM4H8pWuFVUdp3-FE8Yg:1586613659158&amp;tbm=isch&amp;source=iu&amp;ictx=1&amp;fir=A1IZXETs3ISDZM%253A%252CQsFcJnd2t3Xf5M%252C_&amp;vet=1&amp;usg=K_G_Salbuy7vOrJrZ8iAqtjAECWuQ%3D&amp;sa=X&amp;ved=2ahUKEwjMxbK8xODoAhXE0KQKHfuaDwYQuqIBMAx6BAgWEAY&amp;biw=1920&amp;bih=888#imgrc=A1IZXETs3ISDZM\">Bilder ansehen<\/a>.<br>Hof Haina ist eines der \u00e4ltesten Hofg\u00fcter im mittelhessischen Raum. Der Name &#8222;Hain&#8220; bedeutete fr\u00fcher Wohnst\u00e4tte, woraus sich der Name Haina ableitete.<br>Es liegt im \u00e4u\u00dfersten Westen der Gemarkung Rodheim-Bieber, im Landkreis Gie\u00dfen. Der Hof Haina befindet sich im Hainaer Gr\u00fcndchen. Das ist ein kleineres Nebental&nbsp;des Biebertals, welches nach dem Hof Haina benannt ist. Im Zentrum der H\u00f6fe befindet sich der Dorfplatz. Direkt neben dem Hof Haina verl\u00e4uft die Landstra\u00dfe 3286, auf der man nach Rodheim-Bieber&nbsp;auf der einen Seite, und nach Waldgirmes&nbsp;auf der anderen Seite gelangt. Die von drei Zufahrtswegen erschlossene Weilersiedlung umfasst heute f\u00fcnf Geh\u00f6fte.<br>Der Weiler wurde um 1100 n. Chr. gegr\u00fcndet. Vier der H\u00f6fe entstanden Anfang des 16. Jahrhunderts. anstelle der \u00e4lteren Siedlung Go\u00dflingshausen (Gosselshausen), die ab 1410 zumindest in Teilen zur <a href=\"https:\/\/de.wikipedia.org\/wiki\/W%C3%BCstung\">W\u00fcstung<\/a> geworden war. Der f\u00fcnfte Hof kam 1908 dazu.<br>Bis zur&nbsp;<a href=\"https:\/\/de.wikipedia.org\/wiki\/Fr%C3%BChe_Neuzeit\">Fr\u00fchen Neuzeit<\/a>&nbsp;war der Hof Haina ein Kreuzungspunkt der \u201eAlten Marburger Stra\u00dfe\u201c mit der Wagenstra\u00dfe (Wayn). In dieser Zeit war der Hof Haina ein Aus- und Vorspannplatz f\u00fcr&nbsp;<a href=\"https:\/\/de.wikipedia.org\/wiki\/Pferdefuhrwerk\">Pferdefuhrwerke<\/a>. <br>Um 1980 wurde im Ort eine 6000 Jahre alte&nbsp;<a href=\"https:\/\/de.wikipedia.org\/wiki\/Pfeilspitze\">Pfeilspitze<\/a>&nbsp;gefunden.<\/p>\n\n\n\n<p>Bis zu ihrem Tod 2009 hat <em>Gisela Kraft-Schneider<\/em> ein Bauernmuseum betrieben, das heute von ihren Nachkommen weitergef\u00fchrt wird:<\/p>\n\n\n\n<h2 class=\"wp-block-heading\">Das Bauernmuseum Hof Haina<\/h2>\n\n\n\n<p>Das <a href=\"http:\/\/Bauernhausmuseum Hof Haina\"><strong>Bauernhausmuseum Hof Haina<\/strong><\/a> ist zu finden unter der <strong>Adresse <\/strong>Hof Haina 6, 35444 Biebertal<br>Telefon: 0641 \/ 95 30 700<br>Mail: <a href=\"mailto:info@hof-haina.de\">info@hof-haina.de<\/a><br><strong>Das Geb\u00e4ude<\/strong>, in dem sich das Bauernhausmuseum befindet, ist uralt und darum <strong>nicht barrierefrei<\/strong>. Mobilit\u00e4tsbeeintr\u00e4chtigte Besucher stellen sich bitte auf enge Treppen, schiefe B\u00f6den und \u00fcberstehende T\u00fcrschwellen ein. Sitzgelegenheiten sind allerdings in allen R\u00e4umen vorhanden. Das Museum verf\u00fcgt \u00fcber R\u00e4umlichkeiten, in denen Sie im Sommer Ihre mitgebrachten Speisen und Getr\u00e4nke verzehren k\u00f6nnen.<\/p>\n\n\n\n<p><strong>Besuche <\/strong>sind nur im Rahmen einer F\u00fchrung m\u00f6glich. Besuch also <strong>bitte anmelden<\/strong> per Telefon oder E-Mail. <br><strong>Der Rundgang<\/strong> durch das Bauernhaus dauert ca. 1 Stunde.<br><strong>Preise<\/strong>: Erwachsene \u20ac 3,00 \/ Kinder \u20ac 1,50<\/p>\n\n\n\n<div class=\"wp-block-columns is-layout-flex wp-container-core-columns-is-layout-28f84493 wp-block-columns-is-layout-flex\">\n<div class=\"wp-block-column is-layout-flow wp-block-column-is-layout-flow\">\n<figure class=\"wp-block-image size-large\"><img loading=\"lazy\" decoding=\"async\" width=\"1024\" height=\"683\" src=\"https:\/\/geschichte.bibibo.info\/wp-content\/uploads\/2020\/10\/Hof-Haina-13-1024x683.jpg\" alt=\"\" class=\"wp-image-4933\" srcset=\"https:\/\/geschichte.bibibo.info\/wp-content\/uploads\/2020\/10\/Hof-Haina-13-1024x683.jpg 1024w, https:\/\/geschichte.bibibo.info\/wp-content\/uploads\/2020\/10\/Hof-Haina-13-300x200.jpg 300w, https:\/\/geschichte.bibibo.info\/wp-content\/uploads\/2020\/10\/Hof-Haina-13-768x512.jpg 768w, https:\/\/geschichte.bibibo.info\/wp-content\/uploads\/2020\/10\/Hof-Haina-13-1536x1024.jpg 1536w, https:\/\/geschichte.bibibo.info\/wp-content\/uploads\/2020\/10\/Hof-Haina-13-2048x1365.jpg 2048w, https:\/\/geschichte.bibibo.info\/wp-content\/uploads\/2020\/10\/Hof-Haina-13-120x80.jpg 120w\" sizes=\"auto, (max-width: 1024px) 100vw, 1024px\" \/><\/figure>\n\n\n\n<figure class=\"wp-block-image size-large\"><img loading=\"lazy\" decoding=\"async\" width=\"452\" height=\"1024\" src=\"https:\/\/geschichte.bibibo.info\/wp-content\/uploads\/2020\/10\/Hof-Haina-4-2-452x1024.jpg\" alt=\"\" class=\"wp-image-4934\" srcset=\"https:\/\/geschichte.bibibo.info\/wp-content\/uploads\/2020\/10\/Hof-Haina-4-2-452x1024.jpg 452w, https:\/\/geschichte.bibibo.info\/wp-content\/uploads\/2020\/10\/Hof-Haina-4-2-132x300.jpg 132w, https:\/\/geschichte.bibibo.info\/wp-content\/uploads\/2020\/10\/Hof-Haina-4-2-768x1741.jpg 768w, https:\/\/geschichte.bibibo.info\/wp-content\/uploads\/2020\/10\/Hof-Haina-4-2-678x1536.jpg 678w, https:\/\/geschichte.bibibo.info\/wp-content\/uploads\/2020\/10\/Hof-Haina-4-2-904x2048.jpg 904w, https:\/\/geschichte.bibibo.info\/wp-content\/uploads\/2020\/10\/Hof-Haina-4-2-scaled.jpg 1130w\" sizes=\"auto, (max-width: 452px) 100vw, 452px\" \/><\/figure>\n\n\n\n<figure class=\"wp-block-image size-large\"><img loading=\"lazy\" decoding=\"async\" width=\"1920\" height=\"2560\" src=\"https:\/\/geschichte.bibibo.info\/wp-content\/uploads\/2020\/10\/Hof-Haina-13A-scaled.jpg\" alt=\"\" class=\"wp-image-4937\" srcset=\"https:\/\/geschichte.bibibo.info\/wp-content\/uploads\/2020\/10\/Hof-Haina-13A-scaled.jpg 1920w, https:\/\/geschichte.bibibo.info\/wp-content\/uploads\/2020\/10\/Hof-Haina-13A-225x300.jpg 225w, https:\/\/geschichte.bibibo.info\/wp-content\/uploads\/2020\/10\/Hof-Haina-13A-1152x1536.jpg 1152w, https:\/\/geschichte.bibibo.info\/wp-content\/uploads\/2020\/10\/Hof-Haina-13A-1536x2048.jpg 1536w\" sizes=\"auto, (max-width: 1920px) 100vw, 1920px\" \/><\/figure>\n\n\n\n<figure class=\"wp-block-image size-large\"><img loading=\"lazy\" decoding=\"async\" width=\"1024\" height=\"424\" src=\"https:\/\/geschichte.bibibo.info\/wp-content\/uploads\/2020\/10\/16-Hof-Haina-1024x424.jpg\" alt=\"\" class=\"wp-image-4941\" srcset=\"https:\/\/geschichte.bibibo.info\/wp-content\/uploads\/2020\/10\/16-Hof-Haina-1024x424.jpg 1024w, https:\/\/geschichte.bibibo.info\/wp-content\/uploads\/2020\/10\/16-Hof-Haina-300x124.jpg 300w, https:\/\/geschichte.bibibo.info\/wp-content\/uploads\/2020\/10\/16-Hof-Haina-768x318.jpg 768w, https:\/\/geschichte.bibibo.info\/wp-content\/uploads\/2020\/10\/16-Hof-Haina-1536x636.jpg 1536w, https:\/\/geschichte.bibibo.info\/wp-content\/uploads\/2020\/10\/16-Hof-Haina-2048x848.jpg 2048w\" sizes=\"auto, (max-width: 1024px) 100vw, 1024px\" \/><figcaption>Fotos: Bernd Laucht<\/figcaption><\/figure>\n<\/div>\n\n\n\n<div class=\"wp-block-column is-layout-flow wp-block-column-is-layout-flow\">\n<figure class=\"wp-block-image size-large\"><img loading=\"lazy\" decoding=\"async\" width=\"1024\" height=\"683\" src=\"https:\/\/geschichte.bibibo.info\/wp-content\/uploads\/2020\/10\/hOF-hAINA-1024x683.jpg\" alt=\"\" class=\"wp-image-4932\" srcset=\"https:\/\/geschichte.bibibo.info\/wp-content\/uploads\/2020\/10\/hOF-hAINA-1024x683.jpg 1024w, https:\/\/geschichte.bibibo.info\/wp-content\/uploads\/2020\/10\/hOF-hAINA-300x200.jpg 300w, https:\/\/geschichte.bibibo.info\/wp-content\/uploads\/2020\/10\/hOF-hAINA-768x512.jpg 768w, https:\/\/geschichte.bibibo.info\/wp-content\/uploads\/2020\/10\/hOF-hAINA-1536x1024.jpg 1536w, https:\/\/geschichte.bibibo.info\/wp-content\/uploads\/2020\/10\/hOF-hAINA-2048x1365.jpg 2048w, https:\/\/geschichte.bibibo.info\/wp-content\/uploads\/2020\/10\/hOF-hAINA-120x80.jpg 120w\" sizes=\"auto, (max-width: 1024px) 100vw, 1024px\" \/><\/figure>\n\n\n\n<figure class=\"wp-block-image size-large\"><img loading=\"lazy\" decoding=\"async\" width=\"1920\" height=\"2560\" src=\"https:\/\/geschichte.bibibo.info\/wp-content\/uploads\/2020\/10\/Hof-Haina-5-scaled.jpg\" alt=\"\" class=\"wp-image-4935\" srcset=\"https:\/\/geschichte.bibibo.info\/wp-content\/uploads\/2020\/10\/Hof-Haina-5-scaled.jpg 1920w, https:\/\/geschichte.bibibo.info\/wp-content\/uploads\/2020\/10\/Hof-Haina-5-225x300.jpg 225w, https:\/\/geschichte.bibibo.info\/wp-content\/uploads\/2020\/10\/Hof-Haina-5-1152x1536.jpg 1152w, https:\/\/geschichte.bibibo.info\/wp-content\/uploads\/2020\/10\/Hof-Haina-5-1536x2048.jpg 1536w\" sizes=\"auto, (max-width: 1920px) 100vw, 1920px\" \/><\/figure>\n\n\n\n<figure class=\"wp-block-image size-large\"><img loading=\"lazy\" decoding=\"async\" width=\"1920\" height=\"2560\" src=\"https:\/\/geschichte.bibibo.info\/wp-content\/uploads\/2020\/10\/Hof-Haina-8-scaled.jpg\" alt=\"\" class=\"wp-image-4936\" srcset=\"https:\/\/geschichte.bibibo.info\/wp-content\/uploads\/2020\/10\/Hof-Haina-8-scaled.jpg 1920w, https:\/\/geschichte.bibibo.info\/wp-content\/uploads\/2020\/10\/Hof-Haina-8-225x300.jpg 225w, https:\/\/geschichte.bibibo.info\/wp-content\/uploads\/2020\/10\/Hof-Haina-8-1152x1536.jpg 1152w, https:\/\/geschichte.bibibo.info\/wp-content\/uploads\/2020\/10\/Hof-Haina-8-1536x2048.jpg 1536w\" sizes=\"auto, (max-width: 1920px) 100vw, 1920px\" \/><\/figure>\n\n\n\n<figure class=\"wp-block-image size-large\"><img loading=\"lazy\" decoding=\"async\" width=\"1024\" height=\"683\" src=\"https:\/\/geschichte.bibibo.info\/wp-content\/uploads\/2020\/10\/Hof-Haina-15-1024x683.jpg\" alt=\"\" class=\"wp-image-4939\" srcset=\"https:\/\/geschichte.bibibo.info\/wp-content\/uploads\/2020\/10\/Hof-Haina-15-1024x683.jpg 1024w, https:\/\/geschichte.bibibo.info\/wp-content\/uploads\/2020\/10\/Hof-Haina-15-300x200.jpg 300w, https:\/\/geschichte.bibibo.info\/wp-content\/uploads\/2020\/10\/Hof-Haina-15-768x512.jpg 768w, https:\/\/geschichte.bibibo.info\/wp-content\/uploads\/2020\/10\/Hof-Haina-15-1536x1024.jpg 1536w, https:\/\/geschichte.bibibo.info\/wp-content\/uploads\/2020\/10\/Hof-Haina-15-2048x1365.jpg 2048w, https:\/\/geschichte.bibibo.info\/wp-content\/uploads\/2020\/10\/Hof-Haina-15-120x80.jpg 120w\" sizes=\"auto, (max-width: 1024px) 100vw, 1024px\" \/><\/figure>\n\n\n\n<figure class=\"wp-block-image size-large\"><img loading=\"lazy\" decoding=\"async\" width=\"1024\" height=\"683\" src=\"https:\/\/geschichte.bibibo.info\/wp-content\/uploads\/2020\/10\/hOF-hAINA-1-1024x683.jpg\" alt=\"\" class=\"wp-image-4940\" srcset=\"https:\/\/geschichte.bibibo.info\/wp-content\/uploads\/2020\/10\/hOF-hAINA-1-1024x683.jpg 1024w, https:\/\/geschichte.bibibo.info\/wp-content\/uploads\/2020\/10\/hOF-hAINA-1-300x200.jpg 300w, https:\/\/geschichte.bibibo.info\/wp-content\/uploads\/2020\/10\/hOF-hAINA-1-768x512.jpg 768w, https:\/\/geschichte.bibibo.info\/wp-content\/uploads\/2020\/10\/hOF-hAINA-1-1536x1024.jpg 1536w, https:\/\/geschichte.bibibo.info\/wp-content\/uploads\/2020\/10\/hOF-hAINA-1-2048x1365.jpg 2048w, https:\/\/geschichte.bibibo.info\/wp-content\/uploads\/2020\/10\/hOF-hAINA-1-120x80.jpg 120w\" sizes=\"auto, (max-width: 1024px) 100vw, 1024px\" \/><\/figure>\n<\/div>\n<\/div>\n\n\n\n<p><\/p>\n","protected":false},"excerpt":{"rendered":"<p>Der Weiler Hof Haina umfasst 2 ha Land. Bilder ansehen.Hof Haina ist eines der \u00e4ltesten Hofg\u00fcter im mittelhessischen Raum. Der Name &#8222;Hain&#8220; bedeutete fr\u00fcher Wohnst\u00e4tte, woraus sich der Name Haina ableitete.Es liegt im \u00e4u\u00dfersten Westen der Gemarkung Rodheim-Bieber, im Landkreis Gie\u00dfen. Der Hof Haina befindet sich im Hainaer Gr\u00fcndchen. Das ist ein kleineres Nebental&nbsp;des Biebertals, &hellip; <\/p>\n<p class=\"link-more\"><a href=\"https:\/\/geschichte.bibibo.info\/?page_id=167\" class=\"more-link\">Mehr <span class=\"screen-reader-text\">\u00fcber &#8222;Hof Haina und sein Bauernmuseum&#8220; <\/span>Lesen<\/a><\/p>\n","protected":false},"author":2,"featured_media":0,"parent":0,"menu_order":0,"comment_status":"closed","ping_status":"closed","template":"","meta":{"inspiro_hide_title":false,"footnotes":""},"class_list":["post-167","page","type-page","status-publish","hentry"],"_links":{"self":[{"href":"https:\/\/geschichte.bibibo.info\/index.php?rest_route=\/wp\/v2\/pages\/167","targetHints":{"allow":["GET"]}}],"collection":[{"href":"https:\/\/geschichte.bibibo.info\/index.php?rest_route=\/wp\/v2\/pages"}],"about":[{"href":"https:\/\/geschichte.bibibo.info\/index.php?rest_route=\/wp\/v2\/types\/page"}],"author":[{"embeddable":true,"href":"https:\/\/geschichte.bibibo.info\/index.php?rest_route=\/wp\/v2\/users\/2"}],"replies":[{"embeddable":true,"href":"https:\/\/geschichte.bibibo.info\/index.php?rest_route=%2Fwp%2Fv2%2Fcomments&post=167"}],"version-history":[{"count":6,"href":"https:\/\/geschichte.bibibo.info\/index.php?rest_route=\/wp\/v2\/pages\/167\/revisions"}],"predecessor-version":[{"id":4942,"href":"https:\/\/geschichte.bibibo.info\/index.php?rest_route=\/wp\/v2\/pages\/167\/revisions\/4942"}],"wp:attachment":[{"href":"https:\/\/geschichte.bibibo.info\/index.php?rest_route=%2Fwp%2Fv2%2Fmedia&parent=167"}],"curies":[{"name":"wp","href":"https:\/\/api.w.org\/{rel}","templated":true}]}}