{"id":101,"date":"2020-04-10T11:25:29","date_gmt":"2020-04-10T11:25:29","guid":{"rendered":"http:\/\/geschichte.bibibo.info\/?page_id=101"},"modified":"2020-04-10T12:30:37","modified_gmt":"2020-04-10T12:30:37","slug":"museum-keltenkeller","status":"publish","type":"page","link":"https:\/\/geschichte.bibibo.info\/?page_id=101","title":{"rendered":"Museum KeltenKeller"},"content":{"rendered":"\n<div class=\"wp-block-image\"><figure class=\"aligncenter size-large\"><img loading=\"lazy\" decoding=\"async\" width=\"170\" height=\"159\" src=\"https:\/\/geschichte.bibibo.info\/wp-content\/uploads\/2020\/04\/image.png\" alt=\"\" class=\"wp-image-102\"\/><figcaption><a href=\"https:\/\/www.verein-keltenwelten.de\/keltische-staetten\/biebertal-rodheim-bieber-museum-keltenkeller\/\"><strong>Verein Keltenwelten<\/strong><\/a><\/figcaption><\/figure><\/div>\n\n\n\n<p><strong>Adresse:<\/strong> Museum f\u00fcr Arch\u00e4ologie im Gleiberger Land, <strong>Museum KeltenKeller<\/strong><br>Gemeindeverwaltung (im Kellergeschoss) Eingang links am Haus<br>M\u00fchlbergstr. 9, 35444 Biebertal-<strong>Rodheim<\/strong><br><strong>\u00d6ffnungszeiten:<\/strong> jeden 1. und 3. Sonntag im Monat von 14:00 &#8211; 16:00 Uhr<br><strong>Eintritt:<\/strong> frei &#8211; \u00fcber eine Spende freut sich das Team<br><strong>F\u00fchrungen:<\/strong>&nbsp; Sind nach Voranmeldung auch au\u00dferhalb der \u00fcblichen \u00d6ffnungszeiten m\u00f6glich,<br>auch zu den Grabungsst\u00e4tten<\/p>\n\n\n\n<div class=\"wp-block-image\"><figure class=\"aligncenter size-large is-resized\"><img loading=\"lazy\" decoding=\"async\" src=\"https:\/\/geschichte.bibibo.info\/wp-content\/uploads\/2020\/04\/image-1.png\" alt=\"\" class=\"wp-image-109\" width=\"172\" height=\"243\" srcset=\"https:\/\/geschichte.bibibo.info\/wp-content\/uploads\/2020\/04\/image-1.png 315w, https:\/\/geschichte.bibibo.info\/wp-content\/uploads\/2020\/04\/image-1-213x300.png 213w\" sizes=\"auto, (max-width: 172px) 100vw, 172px\" \/><\/figure><\/div>\n\n\n\n<p>Das Museum befindet sich im Untergescho\u00df des Biebertaler Rathauses und pr\u00e4sentiert erstmals in unmittelbarer N\u00e4he des <a href=\"http:\/\/www.gleiberger-land.de\/index.php?id=17\">D\u00fcnsbergs<\/a> einen herausragenden Fundkomplex aus keltischer Zeit &#8211; Dauerhaft und im Original.<br>Zu sehen sind zahlreiche herausragende Beispiele des keltischen Handwerks: z.B M\u00fcnzen aus Gold, Silber und Buntmetall, Fibeln (Gewandspangen) aus Bronze und Eisen, Glasarmringe und -perlen, reich mit Emaille verzierte Teile des Pferdegeschirrs, Schwerter und Lanzenspitzen sowie Keramik, Mahlsteine und sogar verkohltes Getreide. Nachbildungen zeigen die sp\u00e4tkeltische Tracht und Kleidung.<\/p>\n\n\n\n<p>Durch Sonderausstellungen zu aktuellen Funden oder speziellen Themen werden Sie immer wieder Neues entdecken. Sie werden vieles \u00fcber die <a href=\"http:\/\/www.gleiberger-land.de\/index.php?id=56\">Kelten<\/a> und ihre Kultur lernen, und von unseren Mitgliedern erfahren Sie, wie ein Tag auf einer Ausgrabung aussieht. Vielleicht m\u00f6chten Sie selbst einmal daran teilnehmen oder Sie \u00fcbernehmen eine Patenschaft zur notwendigen Restaurierung eines Fundes.<\/p>\n\n\n\n<div class=\"wp-block-image\"><figure class=\"aligncenter size-large\"><img loading=\"lazy\" decoding=\"async\" width=\"987\" height=\"399\" src=\"https:\/\/geschichte.bibibo.info\/wp-content\/uploads\/2020\/04\/image-2.png\" alt=\"\" class=\"wp-image-110\" srcset=\"https:\/\/geschichte.bibibo.info\/wp-content\/uploads\/2020\/04\/image-2.png 987w, https:\/\/geschichte.bibibo.info\/wp-content\/uploads\/2020\/04\/image-2-300x121.png 300w, https:\/\/geschichte.bibibo.info\/wp-content\/uploads\/2020\/04\/image-2-768x310.png 768w\" sizes=\"auto, (max-width: 987px) 100vw, 987px\" \/><\/figure><\/div>\n\n\n\n<p><strong>Postanschrift:<\/strong> Arch\u00e4ologie im Gleibergland e.V., Hohlweg 10a, 35444 Biebertal<br>Arnold Czarski<br>Telefon 06409-2338 oder 0162-9145384<br>E-Mail: <a href=\"mailto:%61%63%7a%61%72%73%6b%69%40gmx.de\">aczarski@gmx.de<\/a><br><a href=\"http:\/\/www.archaeologie-im-gleiberger-land.de\">www.archaeologie-im-gleiberger-land.de<\/a><\/p>\n\n\n\n<p><a href=\"https:\/\/de.wikipedia.org\/wiki\/Museum_KeltenKeller\">wikipedia<\/a> zum KeltenKeller und weitere Links z.B. <a href=\"https:\/\/museen-in-hessen.de\/de\/museen\/keltenkeller_____museum_fuer_archaeologie_im_gleiberger_land\">Museen in Hessen<\/a> oder <a href=\"https:\/\/www.urlaub-in-hessen.com\/urlaub\/3095\/Museum_KeltenKeller_in_Biebertal\/index.htm\">Urlaub in Hessen<\/a> oder <a href=\"https:\/\/www.gluseum.com\/DE\/Biebertal\/1404088856557083\/Kelten-Keller-Museum-f%C3%BCr-Arch%C3%A4ologie-im-Gleiberger-Land\">GLUseum<\/a><br>und ein Praktikumsbericht: <a href=\"https:\/\/www.uni-marburg.de\/fb10\/studium\/studiengaenge\/ba-hslk\/perspektiven\/keltenkeller.pdf\"><strong>Steine entpuppten sich als Keramik<\/strong><\/a><\/p>\n\n\n\n<p><strong><a href=\"http:\/\/naryore.eu\/norico\/verzeichnis-keltischer-staetten-in-deutschland\/\">Keltische St\u00e4tten in Deutschland<\/a><\/strong>, <\/p>\n","protected":false},"excerpt":{"rendered":"<p>Adresse: Museum f\u00fcr Arch\u00e4ologie im Gleiberger Land, Museum KeltenKellerGemeindeverwaltung (im Kellergeschoss) Eingang links am HausM\u00fchlbergstr. 9, 35444 Biebertal-Rodheim\u00d6ffnungszeiten: jeden 1. und 3. Sonntag im Monat von 14:00 &#8211; 16:00 UhrEintritt: frei &#8211; \u00fcber eine Spende freut sich das TeamF\u00fchrungen:&nbsp; Sind nach Voranmeldung auch au\u00dferhalb der \u00fcblichen \u00d6ffnungszeiten m\u00f6glich,auch zu den Grabungsst\u00e4tten Das Museum befindet sich &hellip; <\/p>\n<p class=\"link-more\"><a href=\"https:\/\/geschichte.bibibo.info\/?page_id=101\" class=\"more-link\">Mehr <span class=\"screen-reader-text\">\u00fcber &#8222;Museum KeltenKeller&#8220; <\/span>Lesen<\/a><\/p>\n","protected":false},"author":2,"featured_media":0,"parent":0,"menu_order":0,"comment_status":"closed","ping_status":"closed","template":"","meta":{"inspiro_hide_title":false,"footnotes":""},"class_list":["post-101","page","type-page","status-publish","hentry"],"_links":{"self":[{"href":"https:\/\/geschichte.bibibo.info\/index.php?rest_route=\/wp\/v2\/pages\/101","targetHints":{"allow":["GET"]}}],"collection":[{"href":"https:\/\/geschichte.bibibo.info\/index.php?rest_route=\/wp\/v2\/pages"}],"about":[{"href":"https:\/\/geschichte.bibibo.info\/index.php?rest_route=\/wp\/v2\/types\/page"}],"author":[{"embeddable":true,"href":"https:\/\/geschichte.bibibo.info\/index.php?rest_route=\/wp\/v2\/users\/2"}],"replies":[{"embeddable":true,"href":"https:\/\/geschichte.bibibo.info\/index.php?rest_route=%2Fwp%2Fv2%2Fcomments&post=101"}],"version-history":[{"count":10,"href":"https:\/\/geschichte.bibibo.info\/index.php?rest_route=\/wp\/v2\/pages\/101\/revisions"}],"predecessor-version":[{"id":135,"href":"https:\/\/geschichte.bibibo.info\/index.php?rest_route=\/wp\/v2\/pages\/101\/revisions\/135"}],"wp:attachment":[{"href":"https:\/\/geschichte.bibibo.info\/index.php?rest_route=%2Fwp%2Fv2%2Fmedia&parent=101"}],"curies":[{"name":"wp","href":"https:\/\/api.w.org\/{rel}","templated":true}]}}